{"id":95,"date":"2022-01-27T10:58:29","date_gmt":"2022-01-27T10:58:29","guid":{"rendered":"http:\/\/cognito.mprinsdesign.nl\/?page_id=95"},"modified":"2025-02-15T13:03:43","modified_gmt":"2025-02-15T13:03:43","slug":"komplex","status":"publish","type":"page","link":"https:\/\/higueron-beach.com\/cs\/komplex\/","title":{"rendered":"Higueron South"},"content":{"rendered":"<section class=\"wpb-content-wrapper\"><div  class=\"content_row row page-content vc_row wpb_row  default-style fullwidth\" >\n\t\n\t<div class=\"content_row_wrapper  default\" >\n\t<div id=\"asdasd\" class=\"vc_col-sm-12 wpb_column vc_column_container\" >\n\t<div class=\"vc_column-inner\">\n\t\t<div class=\"wpb_wrapper\" >\n\t\t\t<div class=\"rt_heading_wrapper no-style\">\n\t\t\t\t\t\t<h1 class=\"rt_heading  no-style\"  style=\"font-size:24px;margin-top:24px;margin-bottom:0px;\">Higueron Beach Residences \u2013 <span class=\"after_h1\">Benalm\u00e1dena. Od 545 000 \u20ac<\/span><\/h1> \n\t\t\t\t\t<\/div><div class=\"vc_empty_space\"   style=\"height: 32px\"><span class=\"vc_empty_space_inner\"><\/span><\/div><div class=\"vc_separator wpb_content_element vc_separator_align_center vc_sep_width_100 vc_sep_style-4 vc_sep_pos_align_center vc_separator_no_text vc_sep_color_grey\" ><span class=\"vc_sep_holder vc_sep_holder_l\"><span class=\"vc_sep_line\"><\/span><\/span><span class=\"vc_sep_holder vc_sep_holder_r\"><span class=\"vc_sep_line\"><\/span><\/span>\n<\/div><div class=\"vc_empty_space\"   style=\"height: 32px\"><span class=\"vc_empty_space_inner\"><\/span><\/div>\n\t<div class=\"wpb_text_column wpb_content_element\" >\n\t\t<div class=\"wpb_wrapper\">\n\t\t\t<div class=\"\">\n<p><span style=\"font-weight: 400;\">Nov\u00e1 v\u00fdstavba 60 luxusn\u00edch apartm\u00e1n\u016f v nejvyhled\u00e1van\u011bj\u0161\u00ed oblasti El Higuer\u00f3n, v uzav\u0159en\u00e9 exkluzivn\u00ed komunit\u011b s posilovnou, vyh\u0159\u00edvan\u00fdm baz\u00e9nem, v\u00ed\u0159ivkami a coworkingov\u00fdm prostorem, 500 m od pl\u00e1\u017eov\u00e9 promen\u00e1dy a v\u0161ech slu\u017eeb a 300 m od vlakov\u00e9ho n\u00e1dra\u017e\u00ed Carvajal s p\u0159\u00edstupem na leti\u0161t\u011b a do centra M\u00e1lagy.<\/span><\/p>\n<p><span style=\"font-weight: 400;\">V\u0161echny apartm\u00e1ny maj\u00ed v\u00fdhled na mo\u0159e, orientaci na jih a jihoz\u00e1pad, velmi velk\u00e9 terasy, \u0161pi\u010dkov\u00e9 zna\u010dky a vysok\u00e9 kvality, jako je podlahov\u00e9 vyt\u00e1p\u011bn\u00ed a modern\u00ed energeticky \u00fasporn\u00fd syst\u00e9m vyt\u00e1p\u011bn\u00ed aerotherma. V\u0161echny domy maj\u00ed 2 parkovac\u00ed st\u00e1n\u00ed v suter\u00e9nu a komoru. Neuv\u011b\u0159iteln\u00e9 spole\u010dn\u00e9 prostory v\u00e1s nenechaj\u00ed lhostejn\u00fdmi, kde hlavn\u00ed funkc\u00ed bude vyhl\u00eddkov\u00e9 n\u00e1m\u011bst\u00ed, ze kter\u00e9ho si m\u016f\u017eete vychutnat v\u00fdhled na mo\u0159e.<\/span><\/p>\n<p><span style=\"font-weight: 400;\">Kompletn\u00ed bezplatn\u00e1 personalizace v\u0161ech interi\u00e9rov\u00fdch materi\u00e1l\u016f, flexibiln\u00ed interi\u00e9rov\u00e1 architektura, n\u00e1bytkov\u00e9 bal\u00ed\u010dky, poprodejn\u00ed z\u00e1kaznick\u00fd servis na m\u00edst\u011b a z\u00e1ruka jednoho z p\u0159edn\u00edch a nejd\u00e9le zaveden\u00fdch evropsk\u00fdch developer\u016f a nejpresti\u017en\u011bj\u0161\u00edch architekt\u016f Gonz\u00e1lez &amp; Jacobsen.<\/span><\/p>\n<\/div>\n<p><span style=\"font-weight: 400;\">Higuer\u00f3n Beach Residences je nov\u00fd projekt, kter\u00fd se nach\u00e1z\u00ed v kr\u00e1sn\u00e9 oblasti El Higuer\u00f3n ve Fuengirole.<\/span><\/p>\n<p><span style=\"font-weight: 400;\">Skl\u00e1d\u00e1 se z 60 nov\u00fdch dom\u016f rozm\u00edst\u011bn\u00fdch ve 3 bloc\u00edch byt\u016f 2 a 3+kk s mo\u017enost\u00ed p\u0159\u00edzemn\u00edch dom\u016f s prostorn\u00fdmi terasami a zahradami, prost\u0159edn\u00edch dom\u016f s terasami a mezonetov\u00fdch mezonetov\u00fdch byt\u016f se st\u0159e\u0161n\u00edmi sol\u00e1rii.\u00a0<\/span><\/p>\n<p><span style=\"font-weight: 400;\">Dostupn\u00e9 dispozice jsou 2 lo\u017enice\/2 koupelny, 3 lo\u017enice\/2 koupelny a 3 lo\u017enice\/3 koupelny.<\/span><\/p>\n<p><span style=\"font-weight: 400;\">Nemovitosti jsou orientov\u00e1ny na jihoz\u00e1pad a nab\u00edzej\u00ed majitel\u016fm kr\u00e1sn\u00fd v\u00fdhled na mo\u0159e. Ke ka\u017ed\u00e9 nemovitosti n\u00e1le\u017e\u00ed dv\u011b parkovac\u00ed st\u00e1n\u00ed a komora.<\/span><\/p>\n<p><span style=\"font-weight: 400;\">Spole\u010dn\u00e9 prostory tohoto kr\u00e1sn\u00e9ho projektu zahrnuj\u00ed vyh\u0159\u00edvan\u00fd baz\u00e9n pro dosp\u011bl\u00e9, samostatn\u00fd baz\u00e9n pro d\u011bti, vyh\u0159\u00edvanou v\u00ed\u0159ivku jacuzzi, pln\u011b vybavenou posilovnu, co-working m\u00edstnost, komun\u00e1ln\u00ed wifi, vyhl\u00eddkov\u00e9 n\u00e1m\u011bst\u00ed o rozloze 127 m\u00b2 a upraven\u00e9 zahrady s vnit\u0159n\u00edmi cestami. Sol\u00e1rn\u00ed panely nav\u00edc p\u0159isp\u00edvaj\u00ed k udr\u017eitelnosti a sni\u017euj\u00ed spot\u0159ebu elektrick\u00e9 energie.<\/span><\/p>\n<p><span style=\"font-weight: 400;\">Velk\u00e9 terasy a okna zaplav\u00ed nemovitost p\u0159irozen\u00fdm sv\u011btlem a maximalizuj\u00ed vynikaj\u00edc\u00ed v\u00fdhled na mo\u0159e a hory. Nemovitosti jsou vybaveny klimatizac\u00ed (tepl\u00e1 i studen\u00e1), podlahov\u00fdm vyt\u00e1p\u011bn\u00edm, motorizovan\u00fdmi \u017ealuziemi v ob\u00fdvac\u00edm pokoji a lo\u017enici, bezpe\u010dnostn\u00edm syst\u00e9mem s kamerov\u00fdm syst\u00e9mem a instalac\u00ed wifi routeru.<\/span><\/p>\n<p><span style=\"font-weight: 400;\">V bl\u00edzkosti vlakov\u00e9 trasy pod\u00e9l pob\u0159e\u017e\u00ed na leti\u0161t\u011b M\u00e1laga nebo centrum M\u00e1laga<\/span><\/p>\n<div class=\"\">\n<p>01\/2025 \u2013 Kupn\u00ed ceny (bez DPH 10%) jsou n\u00e1sleduj\u00edc\u00ed:<\/p>\n<ul>\n<li>Apartm\u00e1ny se 2 lo\u017enicemi a 2 koupelnami od 545 000 eur<\/li>\n<li>Apartm\u00e1ny se 2 lo\u017enicemi a 2 koupelnami od 656 000 eur<\/li>\n<li>2 lo\u017enice, 2 koupelny penthousy od 797 000 eur<\/li>\n<\/ul>\n<p><a href=\"https:\/\/higueron-beach.com\/cs\/vice-informaci\/\"><strong>Vy\u017e\u00e1dejte si nejnov\u011bj\u0161\u00ed ceny a dostupn\u00e9 nemovitosti &gt;<\/strong><\/a><\/p>\n<p>M\u00e1te konkr\u00e9tn\u00ed dotaz nebo byste si cht\u011bli domluvit sch\u016fzku? Zavolejte Ronovi de Vriesovi na \u010d\u00edslo +34 677 67 04 80<\/p>\n<p><strong>Celkov\u00e1 nab\u00eddka Higueron<\/strong><\/p>\n<p>Cht\u011bli byste p\u0159ehled celkov\u00e9 nab\u00eddky Higuer\u00f3na? Pak nav\u0161tivte <a href=\"https:\/\/higueron-estates.com\/\"><strong>Webov\u00e9 str\u00e1nky Higueron Estates &gt;<\/strong><\/a><\/p>\n<\/div>\n\n\t\t<\/div>\n\t<\/div>\n\n\t\t<\/div>\n\t<\/div>\n\t<\/div>\n\n<\/div>\n<\/div>\n\n<div  class=\"content_row row page-content vc_row wpb_row  default-style fullwidth\" style=\"background-color: #bbac8c;\">\n\t\n\t<div class=\"content_row_wrapper  default\" >\n\t<div id=\"asdasd\" class=\"vc_col-sm-12 wpb_column vc_column_container\" >\n\t<div class=\"vc_column-inner\">\n\t\t<div class=\"wpb_wrapper\" >\n\t\t\t<div class=\"rt_heading_wrapper no-style\">\n\t\t\t\t\t\t<h1 class=\"rt_heading  no-style\"  style=\"font-size:24px;margin-top:24px;margin-bottom:0px;\">Funkce - <span class=\"after_h1 white\">Rezidence Higueron Beach<\/span><\/h1> \n\t\t\t\t\t<\/div><div class=\"vc_empty_space\"   style=\"height: 32px\"><span class=\"vc_empty_space_inner\"><\/span><\/div><div class=\"vc_separator wpb_content_element vc_separator_align_center vc_sep_width_100 vc_sep_style-4 vc_sep_pos_align_center vc_separator_no_text vc_sep_color_grey\" ><span class=\"vc_sep_holder vc_sep_holder_l\"><span class=\"vc_sep_line\"><\/span><\/span><span class=\"vc_sep_holder vc_sep_holder_r\"><span class=\"vc_sep_line\"><\/span><\/span>\n<\/div>\n\t<div class=\"wpb_text_column wpb_content_element\" >\n\t\t<div class=\"wpb_wrapper\">\n\t\t\t\t \n\t\t<div  class=\"bullet-list style-1  check\">\n\t\t<ul>\n<li>60 nov\u00fdch domov\u016f<\/li>\n<li>3 a 3 lo\u017enice<\/li>\n<li>prostorn\u00e9 terasy se sol\u00e1riem<\/li>\n<li><span style=\"font-weight: 400;\">klimatizace (tepl\u00e1 a studen\u00e1), podlahov\u00e9 vyt\u00e1p\u011bn\u00ed, motorizovan\u00e9 \u017ealuzie<\/span><\/li>\n<li><span style=\"font-weight: 400;\">dv\u011b parkovac\u00ed st\u00e1n\u00ed a komora<\/span><\/li>\n<li>ceny od 519 000 \u20ac.<\/li>\n<\/ul>\n\n\t\t<\/div>\n\t\n\n\t\t<\/div>\n\t<\/div>\n\n\t\t<\/div>\n\t<\/div>\n\t<\/div>\n\n<\/div>\n<\/div>\n\n<div  class=\"content_row row quote-row vc_row wpb_row  default-style fullwidth\" style=\"background-color: #fcfcfc;\">\n\t\n\t<div class=\"content_row_wrapper  fullwidth\" >\n\t<div id=\"asdasd\" class=\"vc_col-sm-12 wpb_column vc_column_container vc_custom_1644925648982\" >\n\t<div class=\"vc_column-inner\">\n\t\t<div class=\"wpb_wrapper\" >\n\t\t\t<div class=\"rt_heading_wrapper style-3\">\n\t\t\t\t\t\t<h4 class=\"rt_heading serif quote-max-width style-3\" >Informa\u010dn\u00ed bal\u00ed\u010dek Rezidence Higueron Beach <a href=\"https:\/\/new.minisites.casadelmar.nl\/meer-informatie\/\"> Vy\u017e\u00e1dejte si bro\u017euru a cen\u00edk <\/a><\/h4> \n\t\t\t\t\t<\/div>\n\t\t<\/div>\n\t<\/div>\n\t<\/div>\n\n<\/div>\n<\/div>\n\n<div  class=\"content_row row vc_row wpb_row  default-style fullwidth\" >\n\t\n\t<div class=\"content_row_wrapper  default\" >\n\t<div id=\"asdasd\" class=\"vc_col-sm-12 wpb_column vc_column_container\" >\n\t<div class=\"vc_column-inner\">\n\t\t<div class=\"wpb_wrapper\" >\n\t\t\t<div class=\"button_wrapper aligncenter\"><a  href=\"\/cs\/vice-informaci\/\" target=\"_self\" title=\"&gt; v\u00edce informac\u00ed\" class=\"button_  style-2 small\">&gt; v\u00edce informac\u00ed<\/a><\/div>\n\t\t<\/div>\n\t<\/div>\n\t<\/div>\n\n<\/div>\n<\/div>\n<\/section>","protected":false},"excerpt":{"rendered":"<p>\u2026 <a class=\"more-link\" href=\"https:\/\/higueron-beach.com\/cs\/komplex\/\">pokra\u010dovat ve \u010dten\u00ed<\/a><\/p>","protected":false},"author":1,"featured_media":4244,"parent":0,"menu_order":3,"comment_status":"closed","ping_status":"closed","template":"","meta":{"footnotes":""},"class_list":["post-95","page","type-page","status-publish","has-post-thumbnail","hentry"],"yoast_head":"<!-- This site is optimized with the Yoast SEO plugin v26.0 - https:\/\/yoast.com\/wordpress\/plugins\/seo\/ -->\n<title>Higuer\u00f3n South - Higueron Beach<\/title>\n<meta name=\"robots\" content=\"index, follow, max-snippet:-1, max-image-preview:large, max-video-preview:-1\" \/>\n<link rel=\"canonical\" href=\"https:\/\/higueron-beach.com\/cs\/komplex\/\" \/>\n<meta property=\"og:locale\" content=\"cs_CZ\" \/>\n<meta property=\"og:type\" content=\"article\" \/>\n<meta property=\"og:title\" content=\"Higuer\u00f3n South - Higueron Beach\" \/>\n<meta property=\"og:url\" content=\"https:\/\/higueron-beach.com\/cs\/komplex\/\" \/>\n<meta property=\"og:site_name\" content=\"Higueron Beach\" \/>\n<meta property=\"article:modified_time\" content=\"2025-02-15T13:03:43+00:00\" \/>\n<meta property=\"og:image\" content=\"https:\/\/higueron-beach.com\/wp-content\/uploads\/sites\/17\/2022\/03\/03-Penthouse.jpg\" \/>\n\t<meta property=\"og:image:width\" content=\"1980\" \/>\n\t<meta property=\"og:image:height\" content=\"1080\" \/>\n\t<meta property=\"og:image:type\" content=\"image\/jpeg\" \/>\n<meta name=\"twitter:card\" content=\"summary_large_image\" \/>\n<meta name=\"twitter:label1\" content=\"Odhadovan\u00e1 doba \u010dten\u00ed\" \/>\n\t<meta name=\"twitter:data1\" content=\"4 minuty\" \/>\n<script type=\"application\/ld+json\" class=\"yoast-schema-graph\">{\"@context\":\"https:\/\/schema.org\",\"@graph\":[{\"@type\":\"WebPage\",\"@id\":\"https:\/\/higueron-beach.com\/het-complex\/\",\"url\":\"https:\/\/higueron-beach.com\/het-complex\/\",\"name\":\"Higuer\u00f3n South - Higueron Beach\",\"isPartOf\":{\"@id\":\"https:\/\/higueron-beach.com\/#website\"},\"primaryImageOfPage\":{\"@id\":\"https:\/\/higueron-beach.com\/het-complex\/#primaryimage\"},\"image\":{\"@id\":\"https:\/\/higueron-beach.com\/het-complex\/#primaryimage\"},\"thumbnailUrl\":\"https:\/\/higueron-beach.com\/wp-content\/uploads\/sites\/17\/2022\/03\/03-Penthouse.jpg\",\"datePublished\":\"2022-01-27T10:58:29+00:00\",\"dateModified\":\"2025-02-15T13:03:43+00:00\",\"breadcrumb\":{\"@id\":\"https:\/\/higueron-beach.com\/het-complex\/#breadcrumb\"},\"inLanguage\":\"cs\",\"potentialAction\":[{\"@type\":\"ReadAction\",\"target\":[\"https:\/\/higueron-beach.com\/het-complex\/\"]}]},{\"@type\":\"ImageObject\",\"inLanguage\":\"cs\",\"@id\":\"https:\/\/higueron-beach.com\/het-complex\/#primaryimage\",\"url\":\"https:\/\/higueron-beach.com\/wp-content\/uploads\/sites\/17\/2022\/03\/03-Penthouse.jpg\",\"contentUrl\":\"https:\/\/higueron-beach.com\/wp-content\/uploads\/sites\/17\/2022\/03\/03-Penthouse.jpg\",\"width\":1980,\"height\":1080},{\"@type\":\"BreadcrumbList\",\"@id\":\"https:\/\/higueron-beach.com\/het-complex\/#breadcrumb\",\"itemListElement\":[{\"@type\":\"ListItem\",\"position\":1,\"name\":\"Home\",\"item\":\"https:\/\/higueron-beach.com\/\"},{\"@type\":\"ListItem\",\"position\":2,\"name\":\"Higuer\u00f3n South\"}]},{\"@type\":\"WebSite\",\"@id\":\"https:\/\/higueron-beach.com\/#website\",\"url\":\"https:\/\/higueron-beach.com\/\",\"name\":\"Higueron Beach\",\"description\":\"\",\"potentialAction\":[{\"@type\":\"SearchAction\",\"target\":{\"@type\":\"EntryPoint\",\"urlTemplate\":\"https:\/\/higueron-beach.com\/?s={search_term_string}\"},\"query-input\":{\"@type\":\"PropertyValueSpecification\",\"valueRequired\":true,\"valueName\":\"search_term_string\"}}],\"inLanguage\":\"cs\"}]}<\/script>\n<!-- \/ Yoast SEO plugin. -->","yoast_head_json":{"title":"Higueron South - Pl\u00e1\u017e Higueron","robots":{"index":"index","follow":"follow","max-snippet":"max-snippet:-1","max-image-preview":"max-image-preview:large","max-video-preview":"max-video-preview:-1"},"canonical":"https:\/\/higueron-beach.com\/cs\/komplex\/","og_locale":"cs_CZ","og_type":"article","og_title":"Higuer\u00f3n South - Higueron Beach","og_url":"https:\/\/higueron-beach.com\/cs\/komplex\/","og_site_name":"Higueron Beach","article_modified_time":"2025-02-15T13:03:43+00:00","og_image":[{"width":1980,"height":1080,"url":"https:\/\/higueron-beach.com\/wp-content\/uploads\/sites\/17\/2022\/03\/03-Penthouse.jpg","type":"image\/jpeg"}],"twitter_card":"summary_large_image","twitter_misc":{"Odhadovan\u00e1 doba \u010dten\u00ed":"4 minuty"},"schema":{"@context":"https:\/\/schema.org","@graph":[{"@type":"WebPage","@id":"https:\/\/higueron-beach.com\/het-complex\/","url":"https:\/\/higueron-beach.com\/het-complex\/","name":"Higueron South - Pl\u00e1\u017e Higueron","isPartOf":{"@id":"https:\/\/higueron-beach.com\/#website"},"primaryImageOfPage":{"@id":"https:\/\/higueron-beach.com\/het-complex\/#primaryimage"},"image":{"@id":"https:\/\/higueron-beach.com\/het-complex\/#primaryimage"},"thumbnailUrl":"https:\/\/higueron-beach.com\/wp-content\/uploads\/sites\/17\/2022\/03\/03-Penthouse.jpg","datePublished":"2022-01-27T10:58:29+00:00","dateModified":"2025-02-15T13:03:43+00:00","breadcrumb":{"@id":"https:\/\/higueron-beach.com\/het-complex\/#breadcrumb"},"inLanguage":"cs","potentialAction":[{"@type":"ReadAction","target":["https:\/\/higueron-beach.com\/het-complex\/"]}]},{"@type":"ImageObject","inLanguage":"cs","@id":"https:\/\/higueron-beach.com\/het-complex\/#primaryimage","url":"https:\/\/higueron-beach.com\/wp-content\/uploads\/sites\/17\/2022\/03\/03-Penthouse.jpg","contentUrl":"https:\/\/higueron-beach.com\/wp-content\/uploads\/sites\/17\/2022\/03\/03-Penthouse.jpg","width":1980,"height":1080},{"@type":"BreadcrumbList","@id":"https:\/\/higueron-beach.com\/het-complex\/#breadcrumb","itemListElement":[{"@type":"ListItem","position":1,"name":"Home","item":"https:\/\/higueron-beach.com\/"},{"@type":"ListItem","position":2,"name":"Higuer\u00f3n South"}]},{"@type":"WebSite","@id":"https:\/\/higueron-beach.com\/#website","url":"https:\/\/higueron-beach.com\/","name":"Pl\u00e1\u017e Higueron","description":"","potentialAction":[{"@type":"SearchAction","target":{"@type":"EntryPoint","urlTemplate":"https:\/\/higueron-beach.com\/?s={search_term_string}"},"query-input":{"@type":"PropertyValueSpecification","valueRequired":true,"valueName":"search_term_string"}}],"inLanguage":"cs"}]}},"_links":{"self":[{"href":"https:\/\/higueron-beach.com\/cs\/wp-json\/wp\/v2\/pages\/95","targetHints":{"allow":["GET"]}}],"collection":[{"href":"https:\/\/higueron-beach.com\/cs\/wp-json\/wp\/v2\/pages"}],"about":[{"href":"https:\/\/higueron-beach.com\/cs\/wp-json\/wp\/v2\/types\/page"}],"author":[{"embeddable":true,"href":"https:\/\/higueron-beach.com\/cs\/wp-json\/wp\/v2\/users\/1"}],"replies":[{"embeddable":true,"href":"https:\/\/higueron-beach.com\/cs\/wp-json\/wp\/v2\/comments?post=95"}],"version-history":[{"count":49,"href":"https:\/\/higueron-beach.com\/cs\/wp-json\/wp\/v2\/pages\/95\/revisions"}],"predecessor-version":[{"id":4293,"href":"https:\/\/higueron-beach.com\/cs\/wp-json\/wp\/v2\/pages\/95\/revisions\/4293"}],"wp:featuredmedia":[{"embeddable":true,"href":"https:\/\/higueron-beach.com\/cs\/wp-json\/wp\/v2\/media\/4244"}],"wp:attachment":[{"href":"https:\/\/higueron-beach.com\/cs\/wp-json\/wp\/v2\/media?parent=95"}],"curies":[{"name":"wp","href":"https:\/\/api.w.org\/{rel}","templated":true}]}}