{"id":95,"date":"2022-01-27T10:58:29","date_gmt":"2022-01-27T10:58:29","guid":{"rendered":"http:\/\/cognito.mprinsdesign.nl\/?page_id=95"},"modified":"2025-02-15T13:03:43","modified_gmt":"2025-02-15T13:03:43","slug":"der-komplex","status":"publish","type":"page","link":"https:\/\/higueron-beach.com\/de\/der-komplex\/","title":{"rendered":"Higueron S\u00fcd"},"content":{"rendered":"<section class=\"wpb-content-wrapper\"><div  class=\"content_row row page-content vc_row wpb_row  default-style fullwidth\" >\n\t\n\t<div class=\"content_row_wrapper  default\" >\n\t<div id=\"asdasd\" class=\"vc_col-sm-12 wpb_column vc_column_container\" >\n\t<div class=\"vc_column-inner\">\n\t\t<div class=\"wpb_wrapper\" >\n\t\t\t<div class=\"rt_heading_wrapper no-style\">\n\t\t\t\t\t\t<h1 class=\"rt_heading  no-style\"  style=\"font-size:24px;margin-top:24px;margin-bottom:0px;\">Higueron Beach Residences \u2013 <span class=\"after_h1\">Benalm\u00e1dena. Ab 545.000 \u20ac<\/span><\/h1> \n\t\t\t\t\t<\/div><div class=\"vc_empty_space\"   style=\"height: 32px\"><span class=\"vc_empty_space_inner\"><\/span><\/div><div class=\"vc_separator wpb_content_element vc_separator_align_center vc_sep_width_100 vc_sep_style-4 vc_sep_pos_align_center vc_separator_no_text vc_sep_color_grey\" ><span class=\"vc_sep_holder vc_sep_holder_l\"><span class=\"vc_sep_line\"><\/span><\/span><span class=\"vc_sep_holder vc_sep_holder_r\"><span class=\"vc_sep_line\"><\/span><\/span>\n<\/div><div class=\"vc_empty_space\"   style=\"height: 32px\"><span class=\"vc_empty_space_inner\"><\/span><\/div>\n\t<div class=\"wpb_text_column wpb_content_element\" >\n\t\t<div class=\"wpb_wrapper\">\n\t\t\t<div class=\"\">\n<p><span style=\"font-weight: 400;\">Neuentwicklung von 60 Luxusapartments in der begehrtesten Gegend von El Higuer\u00f3n, in einer exklusiven Wohnanlage mit Fitnessstudio, beheiztem Pool, Whirlpools und Coworking Space, 500 m von der Strandpromenade und allen Dienstleistungen sowie 300 m vom Bahnhof Carvajal entfernt mit Zugang zum Flughafen und dem Zentrum von M\u00e1laga.<\/span><\/p>\n<p><span style=\"font-weight: 400;\">Alle Wohnungen verf\u00fcgen \u00fcber Meerblick, S\u00fcd- und S\u00fcdwestausrichtung, sehr gro\u00dfe Terrassen, Top-Marken und hohe Qualit\u00e4ten wie Fu\u00dfbodenheizung und modernes energiesparendes Aerotherma-Heizsystem. Alle H\u00e4user verf\u00fcgen \u00fcber 2 Parkpl\u00e4tze im Keller und Abstellraum. Die unglaublichen Gemeinschaftsbereiche werden Sie nicht gleichg\u00fcltig lassen, deren Hauptfunktion der Aussichtsplatz sein wird, von dem aus man den Meerblick genie\u00dfen kann.<\/span><\/p>\n<p><span style=\"font-weight: 400;\">Vollst\u00e4ndige kostenlose Personalisierung aller Innenmaterialien, flexible Innenarchitektur, M\u00f6belpakete, After-Sales-Kundendienst vor Ort und die Garantie eines der f\u00fchrenden und am l\u00e4ngsten etablierten europ\u00e4ischen Entwickler und renommiertesten Architekten Gonz\u00e1lez &amp; Jacobsen.<\/span><\/p>\n<\/div>\n<p><span style=\"font-weight: 400;\">Higuer\u00f3n Beach Residences ist ein neues Projekt in der wundersch\u00f6nen Gegend von El Higuer\u00f3n in Fuengirola.<\/span><\/p>\n<p><span style=\"font-weight: 400;\">Bestehend aus 60 neuen H\u00e4usern, verteilt auf 3 Bl\u00f6cke mit 2- und 3-Zimmer-Wohnungen, mit der Option auf H\u00e4user im Erdgeschoss mit gro\u00dfz\u00fcgigen Terrassen und G\u00e4rten, H\u00e4user im mittleren Stockwerk mit Terrassen und Maisonette-Penthouse-Wohnungen mit Solarien auf dem Dach.\u00a0<\/span><\/p>\n<p><span style=\"font-weight: 400;\">Verf\u00fcgbare Grundrisse sind 2 Schlafzimmer\/2 B\u00e4der, 3 Schlafzimmer\/2 B\u00e4der und 3 Schlafzimmer\/3 B\u00e4der.<\/span><\/p>\n<p><span style=\"font-weight: 400;\">Die Grundst\u00fccke sind nach S\u00fcdwesten ausgerichtet und bieten den Eigent\u00fcmern einen wundersch\u00f6nen Meerblick. Zu jeder Immobilie geh\u00f6ren zwei Parkpl\u00e4tze und ein Abstellraum.<\/span><\/p>\n<p><span style=\"font-weight: 400;\">Zu den Gemeinschaftsbereichen dieses sch\u00f6nen Projekts geh\u00f6ren ein beheizter Swimmingpool f\u00fcr Erwachsene, ein separater Swimmingpool f\u00fcr Kinder, ein beheizter Whirlpool, ein voll ausgestattetes Fitnessstudio, ein Co-Working-Raum, Gemeinschafts-WLAN, ein 127 m\u00b2 gro\u00dfer Aussichtsplatz und angelegte G\u00e4rten mit Innenwegen. Dar\u00fcber hinaus tragen Sonnenkollektoren zur Nachhaltigkeit bei und reduzieren den Stromverbrauch.<\/span><\/p>\n<p><span style=\"font-weight: 400;\">Die gro\u00dfen Terrassen und Fenster durchfluten das Anwesen mit nat\u00fcrlichem Licht und maximieren den hervorragenden Blick auf das Meer und die Berge. Die Objekte sind alle mit Klimaanlage (warm und kalt), Fu\u00dfbodenheizung, motorisierten Jalousien im Wohn- und Schlafzimmer, Sicherheitssystem mit Video\u00fcberwachungskameras und der Installation eines WLAN-Routers ausgestattet.<\/span><\/p>\n<p><span style=\"font-weight: 400;\">In der N\u00e4he der Zugstrecke entlang der K\u00fcste zum M\u00e1laga Aeroporte oder M\u00e1laga Center<\/span><\/p>\n<div class=\"\">\n<p>01\/2025 \u2013 Die Kaufpreise (exkl. 10% Mehrwertsteuer) lauten wie folgt:<\/p>\n<ul>\n<li>2 Schlafzimmer, 2 Badezimmer Wohnungen ab 545.000 Euro<\/li>\n<li>Apartments mit 2 Schlafzimmern und 2 B\u00e4dern ab 656.000 Euro<\/li>\n<li>Penth\u00e4user mit 2 Schlafzimmern und 2 B\u00e4dern ab 797.000 Euro<\/li>\n<\/ul>\n<p><a href=\"https:\/\/higueron-beach.com\/de\/mehr-informationen\/\"><strong>Fordern Sie die aktuellen Preise und verf\u00fcgbaren Objekte an &gt;<\/strong><\/a><\/p>\n<p>Sie haben eine konkrete Frage oder m\u00f6chten einen Termin vereinbaren? Rufen Sie Ron de Vries unter +34 677 67 04 80 an<\/p>\n<p><strong>Gesamtangebot von Higueron<\/strong><\/p>\n<p>M\u00f6chten Sie einen \u00dcberblick \u00fcber das Gesamtangebot von Higuer\u00f3n erhalten? Dann besuchen Sie die <a href=\"https:\/\/higueron-estates.com\/\"><strong>Website von Higueron Estates &gt;<\/strong><\/a><\/p>\n<\/div>\n\n\t\t<\/div>\n\t<\/div>\n\n\t\t<\/div>\n\t<\/div>\n\t<\/div>\n\n<\/div>\n<\/div>\n\n<div  class=\"content_row row page-content vc_row wpb_row  default-style fullwidth\" style=\"background-color: #bbac8c;\">\n\t\n\t<div class=\"content_row_wrapper  default\" >\n\t<div id=\"asdasd\" class=\"vc_col-sm-12 wpb_column vc_column_container\" >\n\t<div class=\"vc_column-inner\">\n\t\t<div class=\"wpb_wrapper\" >\n\t\t\t<div class=\"rt_heading_wrapper no-style\">\n\t\t\t\t\t\t<h1 class=\"rt_heading  no-style\"  style=\"font-size:24px;margin-top:24px;margin-bottom:0px;\">Merkmale - <span class=\"after_h1 white\">Higueron Beach Residence<\/span><\/h1> \n\t\t\t\t\t<\/div><div class=\"vc_empty_space\"   style=\"height: 32px\"><span class=\"vc_empty_space_inner\"><\/span><\/div><div class=\"vc_separator wpb_content_element vc_separator_align_center vc_sep_width_100 vc_sep_style-4 vc_sep_pos_align_center vc_separator_no_text vc_sep_color_grey\" ><span class=\"vc_sep_holder vc_sep_holder_l\"><span class=\"vc_sep_line\"><\/span><\/span><span class=\"vc_sep_holder vc_sep_holder_r\"><span class=\"vc_sep_line\"><\/span><\/span>\n<\/div>\n\t<div class=\"wpb_text_column wpb_content_element\" >\n\t\t<div class=\"wpb_wrapper\">\n\t\t\t\t \n\t\t<div  class=\"bullet-list style-1  check\">\n\t\t<ul>\n<li>60 neue H\u00e4user<\/li>\n<li>3 und 3 Schlafzimmer<\/li>\n<li>gro\u00dfz\u00fcgige Terrassen mit Solarien<\/li>\n<li><span style=\"font-weight: 400;\">Klimaanlage (warm und kalt), Fu\u00dfbodenheizung, motorisierte Jalousien<\/span><\/li>\n<li><span style=\"font-weight: 400;\">zwei Parkpl\u00e4tze und ein Abstellraum<\/span><\/li>\n<li>Preise ab 519.000 \u20ac.<\/li>\n<\/ul>\n\n\t\t<\/div>\n\t\n\n\t\t<\/div>\n\t<\/div>\n\n\t\t<\/div>\n\t<\/div>\n\t<\/div>\n\n<\/div>\n<\/div>\n\n<div  class=\"content_row row quote-row vc_row wpb_row  default-style fullwidth\" style=\"background-color: #fcfcfc;\">\n\t\n\t<div class=\"content_row_wrapper  fullwidth\" >\n\t<div id=\"asdasd\" class=\"vc_col-sm-12 wpb_column vc_column_container vc_custom_1644925648982\" >\n\t<div class=\"vc_column-inner\">\n\t\t<div class=\"wpb_wrapper\" >\n\t\t\t<div class=\"rt_heading_wrapper style-3\">\n\t\t\t\t\t\t<h4 class=\"rt_heading serif quote-max-width style-3\" >Informationspaket Residenz Higueron Beach <a href=\"https:\/\/new.minisites.casadelmar.nl\/meer-informatie\/\"> Fordern Sie Prospekt und Preisliste an <\/a><\/h4> \n\t\t\t\t\t<\/div>\n\t\t<\/div>\n\t<\/div>\n\t<\/div>\n\n<\/div>\n<\/div>\n\n<div  class=\"content_row row vc_row wpb_row  default-style fullwidth\" >\n\t\n\t<div class=\"content_row_wrapper  default\" >\n\t<div id=\"asdasd\" class=\"vc_col-sm-12 wpb_column vc_column_container\" >\n\t<div class=\"vc_column-inner\">\n\t\t<div class=\"wpb_wrapper\" >\n\t\t\t<div class=\"button_wrapper aligncenter\"><a  href=\"\/de\/mehr-informationen\/\" target=\"_self\" title=\"&gt; mehr Infos\" class=\"button_  style-2 small\">&gt; mehr Infos<\/a><\/div>\n\t\t<\/div>\n\t<\/div>\n\t<\/div>\n\n<\/div>\n<\/div>\n<\/section>","protected":false},"excerpt":{"rendered":"<p>\u2026 <a class=\"more-link\" href=\"https:\/\/higueron-beach.com\/de\/der-komplex\/\">Weiterlesen<\/a><\/p>","protected":false},"author":1,"featured_media":4244,"parent":0,"menu_order":3,"comment_status":"closed","ping_status":"closed","template":"","meta":{"footnotes":""},"class_list":["post-95","page","type-page","status-publish","has-post-thumbnail","hentry"],"yoast_head":"<!-- This site is optimized with the Yoast SEO plugin v26.0 - https:\/\/yoast.com\/wordpress\/plugins\/seo\/ -->\n<title>Higuer\u00f3n South - Higueron Beach<\/title>\n<meta name=\"robots\" content=\"index, follow, max-snippet:-1, max-image-preview:large, max-video-preview:-1\" \/>\n<link rel=\"canonical\" href=\"https:\/\/higueron-beach.com\/de\/der-komplex\/\" \/>\n<meta property=\"og:locale\" content=\"de_DE\" \/>\n<meta property=\"og:type\" content=\"article\" \/>\n<meta property=\"og:title\" content=\"Higuer\u00f3n South - Higueron Beach\" \/>\n<meta property=\"og:url\" content=\"https:\/\/higueron-beach.com\/de\/der-komplex\/\" \/>\n<meta property=\"og:site_name\" content=\"Higueron Beach\" \/>\n<meta property=\"article:modified_time\" content=\"2025-02-15T13:03:43+00:00\" \/>\n<meta property=\"og:image\" content=\"https:\/\/higueron-beach.com\/wp-content\/uploads\/sites\/17\/2022\/03\/03-Penthouse.jpg\" \/>\n\t<meta property=\"og:image:width\" content=\"1980\" \/>\n\t<meta property=\"og:image:height\" content=\"1080\" \/>\n\t<meta property=\"og:image:type\" content=\"image\/jpeg\" \/>\n<meta name=\"twitter:card\" content=\"summary_large_image\" \/>\n<meta name=\"twitter:label1\" content=\"Gesch\u00e4tzte Lesezeit\" \/>\n\t<meta name=\"twitter:data1\" content=\"4\u00a0Minuten\" \/>\n<script type=\"application\/ld+json\" class=\"yoast-schema-graph\">{\"@context\":\"https:\/\/schema.org\",\"@graph\":[{\"@type\":\"WebPage\",\"@id\":\"https:\/\/higueron-beach.com\/het-complex\/\",\"url\":\"https:\/\/higueron-beach.com\/het-complex\/\",\"name\":\"Higuer\u00f3n South - Higueron Beach\",\"isPartOf\":{\"@id\":\"https:\/\/higueron-beach.com\/#website\"},\"primaryImageOfPage\":{\"@id\":\"https:\/\/higueron-beach.com\/het-complex\/#primaryimage\"},\"image\":{\"@id\":\"https:\/\/higueron-beach.com\/het-complex\/#primaryimage\"},\"thumbnailUrl\":\"https:\/\/higueron-beach.com\/wp-content\/uploads\/sites\/17\/2022\/03\/03-Penthouse.jpg\",\"datePublished\":\"2022-01-27T10:58:29+00:00\",\"dateModified\":\"2025-02-15T13:03:43+00:00\",\"breadcrumb\":{\"@id\":\"https:\/\/higueron-beach.com\/het-complex\/#breadcrumb\"},\"inLanguage\":\"de\",\"potentialAction\":[{\"@type\":\"ReadAction\",\"target\":[\"https:\/\/higueron-beach.com\/het-complex\/\"]}]},{\"@type\":\"ImageObject\",\"inLanguage\":\"de\",\"@id\":\"https:\/\/higueron-beach.com\/het-complex\/#primaryimage\",\"url\":\"https:\/\/higueron-beach.com\/wp-content\/uploads\/sites\/17\/2022\/03\/03-Penthouse.jpg\",\"contentUrl\":\"https:\/\/higueron-beach.com\/wp-content\/uploads\/sites\/17\/2022\/03\/03-Penthouse.jpg\",\"width\":1980,\"height\":1080},{\"@type\":\"BreadcrumbList\",\"@id\":\"https:\/\/higueron-beach.com\/het-complex\/#breadcrumb\",\"itemListElement\":[{\"@type\":\"ListItem\",\"position\":1,\"name\":\"Home\",\"item\":\"https:\/\/higueron-beach.com\/\"},{\"@type\":\"ListItem\",\"position\":2,\"name\":\"Higuer\u00f3n South\"}]},{\"@type\":\"WebSite\",\"@id\":\"https:\/\/higueron-beach.com\/#website\",\"url\":\"https:\/\/higueron-beach.com\/\",\"name\":\"Higueron Beach\",\"description\":\"\",\"potentialAction\":[{\"@type\":\"SearchAction\",\"target\":{\"@type\":\"EntryPoint\",\"urlTemplate\":\"https:\/\/higueron-beach.com\/?s={search_term_string}\"},\"query-input\":{\"@type\":\"PropertyValueSpecification\",\"valueRequired\":true,\"valueName\":\"search_term_string\"}}],\"inLanguage\":\"de\"}]}<\/script>\n<!-- \/ Yoast SEO plugin. -->","yoast_head_json":{"title":"Higueron S\u00fcd \u2013 Strand von Higueron","robots":{"index":"index","follow":"follow","max-snippet":"max-snippet:-1","max-image-preview":"max-image-preview:large","max-video-preview":"max-video-preview:-1"},"canonical":"https:\/\/higueron-beach.com\/de\/der-komplex\/","og_locale":"de_DE","og_type":"article","og_title":"Higuer\u00f3n South - Higueron Beach","og_url":"https:\/\/higueron-beach.com\/de\/der-komplex\/","og_site_name":"Higueron Beach","article_modified_time":"2025-02-15T13:03:43+00:00","og_image":[{"width":1980,"height":1080,"url":"https:\/\/higueron-beach.com\/wp-content\/uploads\/sites\/17\/2022\/03\/03-Penthouse.jpg","type":"image\/jpeg"}],"twitter_card":"summary_large_image","twitter_misc":{"Gesch\u00e4tzte Lesezeit":"4\u00a0Minuten"},"schema":{"@context":"https:\/\/schema.org","@graph":[{"@type":"WebPage","@id":"https:\/\/higueron-beach.com\/het-complex\/","url":"https:\/\/higueron-beach.com\/het-complex\/","name":"Higueron S\u00fcd \u2013 Strand von Higueron","isPartOf":{"@id":"https:\/\/higueron-beach.com\/#website"},"primaryImageOfPage":{"@id":"https:\/\/higueron-beach.com\/het-complex\/#primaryimage"},"image":{"@id":"https:\/\/higueron-beach.com\/het-complex\/#primaryimage"},"thumbnailUrl":"https:\/\/higueron-beach.com\/wp-content\/uploads\/sites\/17\/2022\/03\/03-Penthouse.jpg","datePublished":"2022-01-27T10:58:29+00:00","dateModified":"2025-02-15T13:03:43+00:00","breadcrumb":{"@id":"https:\/\/higueron-beach.com\/het-complex\/#breadcrumb"},"inLanguage":"de","potentialAction":[{"@type":"ReadAction","target":["https:\/\/higueron-beach.com\/het-complex\/"]}]},{"@type":"ImageObject","inLanguage":"de","@id":"https:\/\/higueron-beach.com\/het-complex\/#primaryimage","url":"https:\/\/higueron-beach.com\/wp-content\/uploads\/sites\/17\/2022\/03\/03-Penthouse.jpg","contentUrl":"https:\/\/higueron-beach.com\/wp-content\/uploads\/sites\/17\/2022\/03\/03-Penthouse.jpg","width":1980,"height":1080},{"@type":"BreadcrumbList","@id":"https:\/\/higueron-beach.com\/het-complex\/#breadcrumb","itemListElement":[{"@type":"ListItem","position":1,"name":"Home","item":"https:\/\/higueron-beach.com\/"},{"@type":"ListItem","position":2,"name":"Higuer\u00f3n South"}]},{"@type":"WebSite","@id":"https:\/\/higueron-beach.com\/#website","url":"https:\/\/higueron-beach.com\/","name":"Higueron-Strand","description":"","potentialAction":[{"@type":"SearchAction","target":{"@type":"EntryPoint","urlTemplate":"https:\/\/higueron-beach.com\/?s={search_term_string}"},"query-input":{"@type":"PropertyValueSpecification","valueRequired":true,"valueName":"search_term_string"}}],"inLanguage":"de"}]}},"_links":{"self":[{"href":"https:\/\/higueron-beach.com\/de\/wp-json\/wp\/v2\/pages\/95","targetHints":{"allow":["GET"]}}],"collection":[{"href":"https:\/\/higueron-beach.com\/de\/wp-json\/wp\/v2\/pages"}],"about":[{"href":"https:\/\/higueron-beach.com\/de\/wp-json\/wp\/v2\/types\/page"}],"author":[{"embeddable":true,"href":"https:\/\/higueron-beach.com\/de\/wp-json\/wp\/v2\/users\/1"}],"replies":[{"embeddable":true,"href":"https:\/\/higueron-beach.com\/de\/wp-json\/wp\/v2\/comments?post=95"}],"version-history":[{"count":49,"href":"https:\/\/higueron-beach.com\/de\/wp-json\/wp\/v2\/pages\/95\/revisions"}],"predecessor-version":[{"id":4293,"href":"https:\/\/higueron-beach.com\/de\/wp-json\/wp\/v2\/pages\/95\/revisions\/4293"}],"wp:featuredmedia":[{"embeddable":true,"href":"https:\/\/higueron-beach.com\/de\/wp-json\/wp\/v2\/media\/4244"}],"wp:attachment":[{"href":"https:\/\/higueron-beach.com\/de\/wp-json\/wp\/v2\/media?parent=95"}],"curies":[{"name":"wp","href":"https:\/\/api.w.org\/{rel}","templated":true}]}}