{"id":99,"date":"2022-01-27T10:58:40","date_gmt":"2022-01-27T10:58:40","guid":{"rendered":"http:\/\/cognito.mprinsdesign.nl\/?page_id=99"},"modified":"2023-03-15T09:39:15","modified_gmt":"2023-03-15T09:39:15","slug":"fotos","status":"publish","type":"page","link":"https:\/\/higueron-beach.com\/de\/fotos\/","title":{"rendered":"Fotos"},"content":{"rendered":"<section class=\"wpb-content-wrapper\"><div  class=\"content_row row page-content vc_row wpb_row  default-style fullwidth\" >\n\t\n\t<div class=\"content_row_wrapper  default\" >\n\t<div id=\"asdasd\" class=\"vc_col-sm-12 wpb_column vc_column_container\" >\n\t<div class=\"vc_column-inner\">\n\t\t<div class=\"wpb_wrapper\" >\n\t\t\t<div class=\"rt_heading_wrapper no-style\">\n\t\t\t\t\t\t<h1 class=\"rt_heading  no-style\"  style=\"font-size:24px;margin-top:24px;margin-bottom:0px;\">Fotos - <span class=\"after_h1\">Higueron S\u00fcdresidenzen<\/span><\/h1> \n\t\t\t\t\t<\/div><div class=\"vc_empty_space\"   style=\"height: 32px\"><span class=\"vc_empty_space_inner\"><\/span><\/div><div class=\"vc_separator wpb_content_element vc_separator_align_center vc_sep_width_100 vc_sep_style-4 vc_sep_pos_align_center vc_separator_no_text vc_sep_color_grey\" ><span class=\"vc_sep_holder vc_sep_holder_l\"><span class=\"vc_sep_line\"><\/span><\/span><span class=\"vc_sep_holder vc_sep_holder_r\"><span class=\"vc_sep_line\"><\/span><\/span>\n<\/div>\n\t\t<\/div>\n\t<\/div>\n\t<\/div>\n\n<\/div>\n<\/div>\n\n<div  class=\"content_row row room-list vc_row wpb_row  default-style fullwidth\" >\n\t\n\t<div class=\"content_row_wrapper  fullwidth\" >\n\t<div id=\"asdasd\" class=\"vc_col-sm-12 wpb_column vc_column_container\" >\n\t<div class=\"vc_column-inner\">\n\t\t<div class=\"wpb_wrapper\" >\n\t\t\t\n\t<div class=\"wpb_text_column wpb_content_element\" >\n\t\t<div class=\"wpb_wrapper\">\n\t\t\t<div class=\"rt-gallery clearfix grid4fotos fixed_heights animated-layout\">\n\t<div class=\"row clearfix\">\n\t\t\n\n\t\t<div class=\"col col-sm-3 col-xs-12 col-fotos\">\n\t\t\t<!-- room info -->\n\n\t\t\t<a id=\"\" class=\"imgeffect zoom rt_lightbox\" data-gal-id=\"\" data-rel=\"rt_lightbox\"\n\t\t\t   title=\"Bild vergr\u00f6\u00dfern\" data-title=\"Higueron Beach Residence\" data-sub-html=\"\" data-src=\"\" data-width=\"\"\n\t\t\t   data-height=\"\" data-poster=\"\" data-autoplay=\"\" data-audiotitle=\"\" data-download-url=\"false\"\n\t\t\t   href=\"https:\/\/higueron-beach.com\/wp-content\/uploads\/sites\/17\/2022\/10\/02-Day-View.jpg\">\n\n\t\t\t\t<div class=\"room-noinfo has-bg-image gallery-item-holder\"\n\t\t\t\t\t data-thumbnail=\"https:\/\/higueron-beach.com\/wp-content\/uploads\/sites\/17\/2022\/10\/02-Day-View.jpg\"\n\t\t\t\t\t data-min-height=\"350\" style=\"min-height: 350px;\">\n\n\t\t\t\t\t<!-- single title-->\n\t\t\t\t\t<div class=\"room-single-title\">Higueron Beach Residence<\/div>\n\n\t\t\t\t\t<!-- overlay background -->\n\t\t\t\t\t<div class=\"room-bg-ovelay\"\n\t\t\t\t\t\t style=\"background-image: url(&quot;https:\/\/higueron-beach.com\/wp-content\/uploads\/sites\/17\/2022\/10\/02-Day-View.jpg&quot;);\">\n\t\t\t\t\t<\/div>\n\n\t\t\t\t<\/div>\n\t\t\t<\/a>\n\t\t\t<!--\/ end .room-info -->\n\t\t<\/div>\n\n\t\t\n\n\t\t<div class=\"col col-sm-3 col-xs-12 col-fotos\">\n\t\t\t<!-- room info -->\n\n\t\t\t<a id=\"\" class=\"imgeffect zoom rt_lightbox\" data-gal-id=\"\" data-rel=\"rt_lightbox\"\n\t\t\t   title=\"Bild vergr\u00f6\u00dfern\" data-title=\"Higueron Beach Residence\" data-sub-html=\"\" data-src=\"\" data-width=\"\"\n\t\t\t   data-height=\"\" data-poster=\"\" data-autoplay=\"\" data-audiotitle=\"\" data-download-url=\"false\"\n\t\t\t   href=\"https:\/\/higueron-beach.com\/wp-content\/uploads\/sites\/17\/2022\/04\/01-Night-View.jpg\">\n\n\t\t\t\t<div class=\"room-noinfo has-bg-image gallery-item-holder\"\n\t\t\t\t\t data-thumbnail=\"https:\/\/higueron-beach.com\/wp-content\/uploads\/sites\/17\/2022\/04\/01-Night-View.jpg\"\n\t\t\t\t\t data-min-height=\"350\" style=\"min-height: 350px;\">\n\n\t\t\t\t\t<!-- single title-->\n\t\t\t\t\t<div class=\"room-single-title\">Higueron Beach Residence<\/div>\n\n\t\t\t\t\t<!-- overlay background -->\n\t\t\t\t\t<div class=\"room-bg-ovelay\"\n\t\t\t\t\t\t style=\"background-image: url(&quot;https:\/\/higueron-beach.com\/wp-content\/uploads\/sites\/17\/2022\/04\/01-Night-View.jpg&quot;);\">\n\t\t\t\t\t<\/div>\n\n\t\t\t\t<\/div>\n\t\t\t<\/a>\n\t\t\t<!--\/ end .room-info -->\n\t\t<\/div>\n\n\t\t\n\n\t\t<div class=\"col col-sm-3 col-xs-12 col-fotos\">\n\t\t\t<!-- room info -->\n\n\t\t\t<a id=\"\" class=\"imgeffect zoom rt_lightbox\" data-gal-id=\"\" data-rel=\"rt_lightbox\"\n\t\t\t   title=\"Bild vergr\u00f6\u00dfern\" data-title=\"Higueron Beach Residence\" data-sub-html=\"\" data-src=\"\" data-width=\"\"\n\t\t\t   data-height=\"\" data-poster=\"\" data-autoplay=\"\" data-audiotitle=\"\" data-download-url=\"false\"\n\t\t\t   href=\"https:\/\/higueron-beach.com\/wp-content\/uploads\/sites\/17\/2022\/10\/06-Entrance.jpg\">\n\n\t\t\t\t<div class=\"room-noinfo has-bg-image gallery-item-holder\"\n\t\t\t\t\t data-thumbnail=\"https:\/\/higueron-beach.com\/wp-content\/uploads\/sites\/17\/2022\/10\/06-Entrance.jpg\"\n\t\t\t\t\t data-min-height=\"350\" style=\"min-height: 350px;\">\n\n\t\t\t\t\t<!-- single title-->\n\t\t\t\t\t<div class=\"room-single-title\">Higueron Beach Residence<\/div>\n\n\t\t\t\t\t<!-- overlay background -->\n\t\t\t\t\t<div class=\"room-bg-ovelay\"\n\t\t\t\t\t\t style=\"background-image: url(&quot;https:\/\/higueron-beach.com\/wp-content\/uploads\/sites\/17\/2022\/10\/06-Entrance.jpg&quot;);\">\n\t\t\t\t\t<\/div>\n\n\t\t\t\t<\/div>\n\t\t\t<\/a>\n\t\t\t<!--\/ end .room-info -->\n\t\t<\/div>\n\n\t\t\n\n\t\t<div class=\"col col-sm-3 col-xs-12 col-fotos\">\n\t\t\t<!-- room info -->\n\n\t\t\t<a id=\"\" class=\"imgeffect zoom rt_lightbox\" data-gal-id=\"\" data-rel=\"rt_lightbox\"\n\t\t\t   title=\"Bild vergr\u00f6\u00dfern\" data-title=\"Higueron Beach Residence &#8211; Living\" data-sub-html=\"\" data-src=\"\" data-width=\"\"\n\t\t\t   data-height=\"\" data-poster=\"\" data-autoplay=\"\" data-audiotitle=\"\" data-download-url=\"false\"\n\t\t\t   href=\"https:\/\/higueron-beach.com\/wp-content\/uploads\/sites\/17\/2022\/03\/07-Living-Room.jpg\">\n\n\t\t\t\t<div class=\"room-noinfo has-bg-image gallery-item-holder\"\n\t\t\t\t\t data-thumbnail=\"https:\/\/higueron-beach.com\/wp-content\/uploads\/sites\/17\/2022\/03\/07-Living-Room.jpg\"\n\t\t\t\t\t data-min-height=\"350\" style=\"min-height: 350px;\">\n\n\t\t\t\t\t<!-- single title-->\n\t\t\t\t\t<div class=\"room-single-title\">Higueron Beach Residence \u2013 Wohnen<\/div>\n\n\t\t\t\t\t<!-- overlay background -->\n\t\t\t\t\t<div class=\"room-bg-ovelay\"\n\t\t\t\t\t\t style=\"background-image: url(&quot;https:\/\/higueron-beach.com\/wp-content\/uploads\/sites\/17\/2022\/03\/07-Living-Room.jpg&quot;);\">\n\t\t\t\t\t<\/div>\n\n\t\t\t\t<\/div>\n\t\t\t<\/a>\n\t\t\t<!--\/ end .room-info -->\n\t\t<\/div>\n\n\t\t\n\n\t\t<div class=\"col col-sm-3 col-xs-12 col-fotos\">\n\t\t\t<!-- room info -->\n\n\t\t\t<a id=\"\" class=\"imgeffect zoom rt_lightbox\" data-gal-id=\"\" data-rel=\"rt_lightbox\"\n\t\t\t   title=\"Bild vergr\u00f6\u00dfern\" data-title=\"Higueron Beach Residence &#8211; Bedroom\" data-sub-html=\"\" data-src=\"\" data-width=\"\"\n\t\t\t   data-height=\"\" data-poster=\"\" data-autoplay=\"\" data-audiotitle=\"\" data-download-url=\"false\"\n\t\t\t   href=\"https:\/\/higueron-beach.com\/wp-content\/uploads\/sites\/17\/2022\/03\/08-Bedroom.jpg\">\n\n\t\t\t\t<div class=\"room-noinfo has-bg-image gallery-item-holder\"\n\t\t\t\t\t data-thumbnail=\"https:\/\/higueron-beach.com\/wp-content\/uploads\/sites\/17\/2022\/03\/08-Bedroom.jpg\"\n\t\t\t\t\t data-min-height=\"350\" style=\"min-height: 350px;\">\n\n\t\t\t\t\t<!-- single title-->\n\t\t\t\t\t<div class=\"room-single-title\">Higueron Beach Residence \u2013 Schlafzimmer<\/div>\n\n\t\t\t\t\t<!-- overlay background -->\n\t\t\t\t\t<div class=\"room-bg-ovelay\"\n\t\t\t\t\t\t style=\"background-image: url(&quot;https:\/\/higueron-beach.com\/wp-content\/uploads\/sites\/17\/2022\/03\/08-Bedroom.jpg&quot;);\">\n\t\t\t\t\t<\/div>\n\n\t\t\t\t<\/div>\n\t\t\t<\/a>\n\t\t\t<!--\/ end .room-info -->\n\t\t<\/div>\n\n\t\t\n\n\t\t<div class=\"col col-sm-3 col-xs-12 col-fotos\">\n\t\t\t<!-- room info -->\n\n\t\t\t<a id=\"\" class=\"imgeffect zoom rt_lightbox\" data-gal-id=\"\" data-rel=\"rt_lightbox\"\n\t\t\t   title=\"Bild vergr\u00f6\u00dfern\" data-title=\"Higueron Beach Residence &#8211; Ground Floor\" data-sub-html=\"\" data-src=\"\" data-width=\"\"\n\t\t\t   data-height=\"\" data-poster=\"\" data-autoplay=\"\" data-audiotitle=\"\" data-download-url=\"false\"\n\t\t\t   href=\"https:\/\/higueron-beach.com\/wp-content\/uploads\/sites\/17\/2022\/05\/05-Ground-Floor.jpg\">\n\n\t\t\t\t<div class=\"room-noinfo has-bg-image gallery-item-holder\"\n\t\t\t\t\t data-thumbnail=\"https:\/\/higueron-beach.com\/wp-content\/uploads\/sites\/17\/2022\/05\/05-Ground-Floor.jpg\"\n\t\t\t\t\t data-min-height=\"350\" style=\"min-height: 350px;\">\n\n\t\t\t\t\t<!-- single title-->\n\t\t\t\t\t<div class=\"room-single-title\">Higueron Beach Residence \u2013 Erdgeschoss<\/div>\n\n\t\t\t\t\t<!-- overlay background -->\n\t\t\t\t\t<div class=\"room-bg-ovelay\"\n\t\t\t\t\t\t style=\"background-image: url(&quot;https:\/\/higueron-beach.com\/wp-content\/uploads\/sites\/17\/2022\/05\/05-Ground-Floor.jpg&quot;);\">\n\t\t\t\t\t<\/div>\n\n\t\t\t\t<\/div>\n\t\t\t<\/a>\n\t\t\t<!--\/ end .room-info -->\n\t\t<\/div>\n\n\t\t\n\n\t\t<div class=\"col col-sm-3 col-xs-12 col-fotos\">\n\t\t\t<!-- room info -->\n\n\t\t\t<a id=\"\" class=\"imgeffect zoom rt_lightbox\" data-gal-id=\"\" data-rel=\"rt_lightbox\"\n\t\t\t   title=\"Bild vergr\u00f6\u00dfern\" data-title=\"Higueron Beach Residence &#8211; First Floor\" data-sub-html=\"\" data-src=\"\" data-width=\"\"\n\t\t\t   data-height=\"\" data-poster=\"\" data-autoplay=\"\" data-audiotitle=\"\" data-download-url=\"false\"\n\t\t\t   href=\"https:\/\/higueron-beach.com\/wp-content\/uploads\/sites\/17\/2022\/03\/04-First-Floor.jpg\">\n\n\t\t\t\t<div class=\"room-noinfo has-bg-image gallery-item-holder\"\n\t\t\t\t\t data-thumbnail=\"https:\/\/higueron-beach.com\/wp-content\/uploads\/sites\/17\/2022\/03\/04-First-Floor.jpg\"\n\t\t\t\t\t data-min-height=\"350\" style=\"min-height: 350px;\">\n\n\t\t\t\t\t<!-- single title-->\n\t\t\t\t\t<div class=\"room-single-title\">Higueron Beach Residence \u2013 Erste Etage<\/div>\n\n\t\t\t\t\t<!-- overlay background -->\n\t\t\t\t\t<div class=\"room-bg-ovelay\"\n\t\t\t\t\t\t style=\"background-image: url(&quot;https:\/\/higueron-beach.com\/wp-content\/uploads\/sites\/17\/2022\/03\/04-First-Floor.jpg&quot;);\">\n\t\t\t\t\t<\/div>\n\n\t\t\t\t<\/div>\n\t\t\t<\/a>\n\t\t\t<!--\/ end .room-info -->\n\t\t<\/div>\n\n\t\t\n\n\t\t<div class=\"col col-sm-3 col-xs-12 col-fotos\">\n\t\t\t<!-- room info -->\n\n\t\t\t<a id=\"\" class=\"imgeffect zoom rt_lightbox\" data-gal-id=\"\" data-rel=\"rt_lightbox\"\n\t\t\t   title=\"Bild vergr\u00f6\u00dfern\" data-title=\"Higueron Beach Residence &#8211; Penthouse\" data-sub-html=\"\" data-src=\"\" data-width=\"\"\n\t\t\t   data-height=\"\" data-poster=\"\" data-autoplay=\"\" data-audiotitle=\"\" data-download-url=\"false\"\n\t\t\t   href=\"https:\/\/higueron-beach.com\/wp-content\/uploads\/sites\/17\/2022\/03\/03-Penthouse.jpg\">\n\n\t\t\t\t<div class=\"room-noinfo has-bg-image gallery-item-holder\"\n\t\t\t\t\t data-thumbnail=\"https:\/\/higueron-beach.com\/wp-content\/uploads\/sites\/17\/2022\/03\/03-Penthouse.jpg\"\n\t\t\t\t\t data-min-height=\"350\" style=\"min-height: 350px;\">\n\n\t\t\t\t\t<!-- single title-->\n\t\t\t\t\t<div class=\"room-single-title\">Higueron Beach Residence \u2013 Penthouse<\/div>\n\n\t\t\t\t\t<!-- overlay background -->\n\t\t\t\t\t<div class=\"room-bg-ovelay\"\n\t\t\t\t\t\t style=\"background-image: url(&quot;https:\/\/higueron-beach.com\/wp-content\/uploads\/sites\/17\/2022\/03\/03-Penthouse.jpg&quot;);\">\n\t\t\t\t\t<\/div>\n\n\t\t\t\t<\/div>\n\t\t\t<\/a>\n\t\t\t<!--\/ end .room-info -->\n\t\t<\/div>\n\n\t\t\n\n\t\t<div class=\"col col-sm-3 col-xs-12 col-fotos\">\n\t\t\t<!-- room info -->\n\n\t\t\t<a id=\"\" class=\"imgeffect zoom rt_lightbox\" data-gal-id=\"\" data-rel=\"rt_lightbox\"\n\t\t\t   title=\"Bild vergr\u00f6\u00dfern\" data-title=\"Higueron Beach Residence &#8211; View\" data-sub-html=\"\" data-src=\"\" data-width=\"\"\n\t\t\t   data-height=\"\" data-poster=\"\" data-autoplay=\"\" data-audiotitle=\"\" data-download-url=\"false\"\n\t\t\t   href=\"https:\/\/higueron-beach.com\/wp-content\/uploads\/sites\/17\/2022\/12\/09-General-View.jpg\">\n\n\t\t\t\t<div class=\"room-noinfo has-bg-image gallery-item-holder\"\n\t\t\t\t\t data-thumbnail=\"https:\/\/higueron-beach.com\/wp-content\/uploads\/sites\/17\/2022\/12\/09-General-View.jpg\"\n\t\t\t\t\t data-min-height=\"350\" style=\"min-height: 350px;\">\n\n\t\t\t\t\t<!-- single title-->\n\t\t\t\t\t<div class=\"room-single-title\">Higueron Beach Residence \u2013 Aussicht<\/div>\n\n\t\t\t\t\t<!-- overlay background -->\n\t\t\t\t\t<div class=\"room-bg-ovelay\"\n\t\t\t\t\t\t style=\"background-image: url(&quot;https:\/\/higueron-beach.com\/wp-content\/uploads\/sites\/17\/2022\/12\/09-General-View.jpg&quot;);\">\n\t\t\t\t\t<\/div>\n\n\t\t\t\t<\/div>\n\t\t\t<\/a>\n\t\t\t<!--\/ end .room-info -->\n\t\t<\/div>\n\n\t\t\t<\/div>\n<\/div>\n\n\n\t\t<\/div>\n\t<\/div>\n<div class=\"vc_empty_space\"   style=\"height: 180px\"><span class=\"vc_empty_space_inner\"><\/span><\/div>\n\t\t<\/div>\n\t<\/div>\n\t<\/div>\n\n<\/div>\n<\/div>\n\n<div  class=\"content_row row vc_row wpb_row  default-style fullwidth\" >\n\t\n\t<div class=\"content_row_wrapper  default\" >\n\t<div id=\"asdasd\" class=\"vc_col-sm-12 wpb_column vc_column_container\" >\n\t<div class=\"vc_column-inner\">\n\t\t<div class=\"wpb_wrapper\" >\n\t\t\t\n\t\t<div  class=\"info_box margin-b20 clearfix info info\" data-rt-animate=\"animate\" data-rt-animation-type=\"fadeInDown\" data-rt-animation-group=\"single\">\n\t\t\t<span class=\"icon-cancel\"><\/span>\n\t\t\t<p class=\"icon-info-circled\">\n\t\t\t\t<\/p>\n<pre>Diese Bilder dienen nur der Veranschaulichung und sind nicht vertraglich bindend. Aus technischen Gr\u00fcnden k\u00f6nnen sich einige Elemente \u00e4ndern.<\/pre>\n<p>\n\t\t\t<\/p>\n\t\t<\/div>\n\t\n\t\t<\/div>\n\t<\/div>\n\t<\/div>\n\n<\/div>\n<\/div>\n<\/section>","protected":false},"excerpt":{"rendered":"<p>\u2026 <a class=\"more-link\" href=\"https:\/\/higueron-beach.com\/de\/foto\/blick-auf-das-schlafzimmer-im-suden-von-higueron\/\">Weiterlesen<\/a><\/p>","protected":false},"author":1,"featured_media":4238,"parent":0,"menu_order":2,"comment_status":"closed","ping_status":"closed","template":"","meta":{"footnotes":""},"class_list":["post-99","page","type-page","status-publish","has-post-thumbnail","hentry"],"yoast_head":"<!-- This site is optimized with the Yoast SEO plugin v26.0 - https:\/\/yoast.com\/wordpress\/plugins\/seo\/ -->\n<title>Foto&#039;s - Higueron Beach<\/title>\n<meta name=\"robots\" content=\"index, follow, max-snippet:-1, max-image-preview:large, max-video-preview:-1\" \/>\n<link rel=\"canonical\" href=\"https:\/\/higueron-beach.com\/de\/fotos\/\" \/>\n<meta property=\"og:locale\" content=\"de_DE\" \/>\n<meta property=\"og:type\" content=\"article\" \/>\n<meta property=\"og:title\" content=\"Foto&#039;s - Higueron Beach\" \/>\n<meta property=\"og:url\" content=\"https:\/\/higueron-beach.com\/de\/fotos\/\" \/>\n<meta property=\"og:site_name\" content=\"Higueron Beach\" \/>\n<meta property=\"article:modified_time\" content=\"2023-03-15T09:39:15+00:00\" \/>\n<meta property=\"og:image\" content=\"https:\/\/higueron-beach.com\/wp-content\/uploads\/sites\/17\/2022\/04\/01-Night-View-1024x576.jpg\" \/>\n\t<meta property=\"og:image:width\" content=\"1024\" \/>\n\t<meta property=\"og:image:height\" content=\"576\" \/>\n\t<meta property=\"og:image:type\" content=\"image\/jpeg\" \/>\n<meta name=\"twitter:card\" content=\"summary_large_image\" \/>\n<meta name=\"twitter:label1\" content=\"Gesch\u00e4tzte Lesezeit\" \/>\n\t<meta name=\"twitter:data1\" content=\"1\u00a0Minute\" \/>\n<script type=\"application\/ld+json\" class=\"yoast-schema-graph\">{\"@context\":\"https:\/\/schema.org\",\"@graph\":[{\"@type\":\"WebPage\",\"@id\":\"https:\/\/higueron-beach.com\/cs\/fotos\/\",\"url\":\"https:\/\/higueron-beach.com\/cs\/fotos\/\",\"name\":\"Foto's - Higueron Beach\",\"isPartOf\":{\"@id\":\"https:\/\/higueron-beach.com\/#website\"},\"primaryImageOfPage\":{\"@id\":\"https:\/\/higueron-beach.com\/cs\/fotos\/#primaryimage\"},\"image\":{\"@id\":\"https:\/\/higueron-beach.com\/cs\/fotos\/#primaryimage\"},\"thumbnailUrl\":\"https:\/\/higueron-beach.com\/wp-content\/uploads\/sites\/17\/2022\/04\/01-Night-View.jpg\",\"datePublished\":\"2022-01-27T10:58:40+00:00\",\"dateModified\":\"2023-03-15T09:39:15+00:00\",\"breadcrumb\":{\"@id\":\"https:\/\/higueron-beach.com\/cs\/fotos\/#breadcrumb\"},\"inLanguage\":\"de\",\"potentialAction\":[{\"@type\":\"ReadAction\",\"target\":[\"https:\/\/higueron-beach.com\/cs\/fotos\/\"]}]},{\"@type\":\"ImageObject\",\"inLanguage\":\"de\",\"@id\":\"https:\/\/higueron-beach.com\/cs\/fotos\/#primaryimage\",\"url\":\"https:\/\/higueron-beach.com\/wp-content\/uploads\/sites\/17\/2022\/04\/01-Night-View.jpg\",\"contentUrl\":\"https:\/\/higueron-beach.com\/wp-content\/uploads\/sites\/17\/2022\/04\/01-Night-View.jpg\",\"width\":1920,\"height\":1080},{\"@type\":\"BreadcrumbList\",\"@id\":\"https:\/\/higueron-beach.com\/cs\/fotos\/#breadcrumb\",\"itemListElement\":[{\"@type\":\"ListItem\",\"position\":1,\"name\":\"Home\",\"item\":\"https:\/\/higueron-beach.com\/\"},{\"@type\":\"ListItem\",\"position\":2,\"name\":\"Foto&#8217;s\"}]},{\"@type\":\"WebSite\",\"@id\":\"https:\/\/higueron-beach.com\/#website\",\"url\":\"https:\/\/higueron-beach.com\/\",\"name\":\"Higueron Beach\",\"description\":\"\",\"potentialAction\":[{\"@type\":\"SearchAction\",\"target\":{\"@type\":\"EntryPoint\",\"urlTemplate\":\"https:\/\/higueron-beach.com\/?s={search_term_string}\"},\"query-input\":{\"@type\":\"PropertyValueSpecification\",\"valueRequired\":true,\"valueName\":\"search_term_string\"}}],\"inLanguage\":\"de\"}]}<\/script>\n<!-- \/ Yoast SEO plugin. -->","yoast_head_json":{"title":"Fotos - Strand von Higueron","robots":{"index":"index","follow":"follow","max-snippet":"max-snippet:-1","max-image-preview":"max-image-preview:large","max-video-preview":"max-video-preview:-1"},"canonical":"https:\/\/higueron-beach.com\/de\/fotos\/","og_locale":"de_DE","og_type":"article","og_title":"Foto's - Higueron Beach","og_url":"https:\/\/higueron-beach.com\/de\/fotos\/","og_site_name":"Higueron Beach","article_modified_time":"2023-03-15T09:39:15+00:00","og_image":[{"width":1024,"height":576,"url":"https:\/\/higueron-beach.com\/wp-content\/uploads\/sites\/17\/2022\/04\/01-Night-View-1024x576.jpg","type":"image\/jpeg"}],"twitter_card":"summary_large_image","twitter_misc":{"Gesch\u00e4tzte Lesezeit":"1\u00a0Minute"},"schema":{"@context":"https:\/\/schema.org","@graph":[{"@type":"WebPage","@id":"https:\/\/higueron-beach.com\/cs\/fotos\/","url":"https:\/\/higueron-beach.com\/cs\/fotos\/","name":"Fotos - Strand von Higueron","isPartOf":{"@id":"https:\/\/higueron-beach.com\/#website"},"primaryImageOfPage":{"@id":"https:\/\/higueron-beach.com\/cs\/fotos\/#primaryimage"},"image":{"@id":"https:\/\/higueron-beach.com\/cs\/fotos\/#primaryimage"},"thumbnailUrl":"https:\/\/higueron-beach.com\/wp-content\/uploads\/sites\/17\/2022\/04\/01-Night-View.jpg","datePublished":"2022-01-27T10:58:40+00:00","dateModified":"2023-03-15T09:39:15+00:00","breadcrumb":{"@id":"https:\/\/higueron-beach.com\/cs\/fotos\/#breadcrumb"},"inLanguage":"de","potentialAction":[{"@type":"ReadAction","target":["https:\/\/higueron-beach.com\/cs\/fotos\/"]}]},{"@type":"ImageObject","inLanguage":"de","@id":"https:\/\/higueron-beach.com\/cs\/fotos\/#primaryimage","url":"https:\/\/higueron-beach.com\/wp-content\/uploads\/sites\/17\/2022\/04\/01-Night-View.jpg","contentUrl":"https:\/\/higueron-beach.com\/wp-content\/uploads\/sites\/17\/2022\/04\/01-Night-View.jpg","width":1920,"height":1080},{"@type":"BreadcrumbList","@id":"https:\/\/higueron-beach.com\/cs\/fotos\/#breadcrumb","itemListElement":[{"@type":"ListItem","position":1,"name":"Home","item":"https:\/\/higueron-beach.com\/"},{"@type":"ListItem","position":2,"name":"Foto&#8217;s"}]},{"@type":"WebSite","@id":"https:\/\/higueron-beach.com\/#website","url":"https:\/\/higueron-beach.com\/","name":"Higueron-Strand","description":"","potentialAction":[{"@type":"SearchAction","target":{"@type":"EntryPoint","urlTemplate":"https:\/\/higueron-beach.com\/?s={search_term_string}"},"query-input":{"@type":"PropertyValueSpecification","valueRequired":true,"valueName":"search_term_string"}}],"inLanguage":"de"}]}},"_links":{"self":[{"href":"https:\/\/higueron-beach.com\/de\/wp-json\/wp\/v2\/pages\/99","targetHints":{"allow":["GET"]}}],"collection":[{"href":"https:\/\/higueron-beach.com\/de\/wp-json\/wp\/v2\/pages"}],"about":[{"href":"https:\/\/higueron-beach.com\/de\/wp-json\/wp\/v2\/types\/page"}],"author":[{"embeddable":true,"href":"https:\/\/higueron-beach.com\/de\/wp-json\/wp\/v2\/users\/1"}],"replies":[{"embeddable":true,"href":"https:\/\/higueron-beach.com\/de\/wp-json\/wp\/v2\/comments?post=99"}],"version-history":[{"count":7,"href":"https:\/\/higueron-beach.com\/de\/wp-json\/wp\/v2\/pages\/99\/revisions"}],"predecessor-version":[{"id":4192,"href":"https:\/\/higueron-beach.com\/de\/wp-json\/wp\/v2\/pages\/99\/revisions\/4192"}],"wp:featuredmedia":[{"embeddable":true,"href":"https:\/\/higueron-beach.com\/de\/wp-json\/wp\/v2\/media\/4238"}],"wp:attachment":[{"href":"https:\/\/higueron-beach.com\/de\/wp-json\/wp\/v2\/media?parent=99"}],"curies":[{"name":"wp","href":"https:\/\/api.w.org\/{rel}","templated":true}]}}