{"id":95,"date":"2022-01-27T10:58:29","date_gmt":"2022-01-27T10:58:29","guid":{"rendered":"http:\/\/cognito.mprinsdesign.nl\/?page_id=95"},"modified":"2025-02-15T13:03:43","modified_gmt":"2025-02-15T13:03:43","slug":"el-complejo","status":"publish","type":"page","link":"https:\/\/higueron-beach.com\/es\/el-complejo\/","title":{"rendered":"Higuer\u00f3n Sur"},"content":{"rendered":"<section class=\"wpb-content-wrapper\"><div  class=\"content_row row page-content vc_row wpb_row  default-style fullwidth\" >\n\t\n\t<div class=\"content_row_wrapper  default\" >\n\t<div id=\"asdasd\" class=\"vc_col-sm-12 wpb_column vc_column_container\" >\n\t<div class=\"vc_column-inner\">\n\t\t<div class=\"wpb_wrapper\" >\n\t\t\t<div class=\"rt_heading_wrapper no-style\">\n\t\t\t\t\t\t<h1 class=\"rt_heading  no-style\"  style=\"font-size:24px;margin-top:24px;margin-bottom:0px;\">Residencias en la Playa del Higuer\u00f3n \u2013 <span class=\"after_h1\">Benalm\u00e1dena. Desde 545.000\u20ac<\/span><\/h1> \n\t\t\t\t\t<\/div><div class=\"vc_empty_space\"   style=\"height: 32px\"><span class=\"vc_empty_space_inner\"><\/span><\/div><div class=\"vc_separator wpb_content_element vc_separator_align_center vc_sep_width_100 vc_sep_style-4 vc_sep_pos_align_center vc_separator_no_text vc_sep_color_grey\" ><span class=\"vc_sep_holder vc_sep_holder_l\"><span class=\"vc_sep_line\"><\/span><\/span><span class=\"vc_sep_holder vc_sep_holder_r\"><span class=\"vc_sep_line\"><\/span><\/span>\n<\/div><div class=\"vc_empty_space\"   style=\"height: 32px\"><span class=\"vc_empty_space_inner\"><\/span><\/div>\n\t<div class=\"wpb_text_column wpb_content_element\" >\n\t\t<div class=\"wpb_wrapper\">\n\t\t\t<div class=\"\">\n<p><span style=\"font-weight: 400;\">Nueva promoci\u00f3n de 60 apartamentos de lujo en la zona m\u00e1s cotizada de El Higuer\u00f3n, en una exclusiva comunidad cerrada con gimnasio, piscina climatizada, jacuzzis y espacio de coworking, a 500 m del paseo mar\u00edtimo y todos los servicios, y a 300 m de la estaci\u00f3n de tren de Carvajal. con Acceso al aeropuerto y al centro de M\u00e1laga.<\/span><\/p>\n<p><span style=\"font-weight: 400;\">Todos los apartamentos tienen vistas al mar, orientaci\u00f3n sur y suroeste, terrazas muy amplias, primeras marcas y altas calidades como suelo radiante y moderno sistema de calefacci\u00f3n por aerotermia de bajo consumo. Todas las viviendas disponen de 2 plazas de aparcamiento en s\u00f3tano y trastero. Las incre\u00edbles zonas comunes no te dejar\u00e1n indiferente, donde la funci\u00f3n principal ser\u00e1 la plaza mirador desde la que disfrutar de las vistas al mar.<\/span><\/p>\n<p><span style=\"font-weight: 400;\">Personalizaci\u00f3n completa y gratuita de todos los materiales interiores, arquitectura interior flexible, paquetes de mobiliario, servicio de postventa in situ y la garant\u00eda de una de las principales y m\u00e1s longevas promotoras europeas y de los arquitectos m\u00e1s prestigiosos Gonz\u00e1lez &amp; Jacobsen.<\/span><\/p>\n<\/div>\n<p><span style=\"font-weight: 400;\">Higuer\u00f3n Beach Residences es un nuevo proyecto ubicado en la hermosa zona de El Higuer\u00f3n, en Fuengirola.<\/span><\/p>\n<p><span style=\"font-weight: 400;\">Consta de 60 viviendas de obra nueva repartidas en 3 bloques de viviendas de 2 y 3 dormitorios con opci\u00f3n a viviendas en planta baja con amplias terrazas y jardines, viviendas en planta media con terraza y \u00e1ticos d\u00faplex con solarium en la azotea.\u00a0<\/span><\/p>\n<p><span style=\"font-weight: 400;\">Los dise\u00f1os disponibles son 2 habitaciones\/2 ba\u00f1os, 3 habitaciones\/2 ba\u00f1os y 3 habitaciones\/3 ba\u00f1os.<\/span><\/p>\n<p><span style=\"font-weight: 400;\">Las propiedades est\u00e1n orientadas al suroeste y ofrecen a los propietarios hermosas vistas al mar. Cada propiedad cuenta con dos plazas de aparcamiento y un trastero.<\/span><\/p>\n<p><span style=\"font-weight: 400;\">Las \u00e1reas comunes de este hermoso proyecto incluyen una piscina climatizada para adultos, una piscina separada para ni\u00f1os, un jacuzzi climatizado, un gimnasio completamente equipado, sala de coworking, wifi comunitario, una plaza de observaci\u00f3n de 127 m\u00b2 y jardines con caminos interiores. Adem\u00e1s, los paneles solares contribuyen a la sostenibilidad y reducen el consumo el\u00e9ctrico.<\/span><\/p>\n<p><span style=\"font-weight: 400;\">Las grandes terrazas y ventanas inundar\u00e1n la propiedad con luz natural y maximizar\u00e1n las excelentes vistas al mar y a la monta\u00f1a. Todas las propiedades est\u00e1n equipadas con aire acondicionado (fr\u00edo y calor), calefacci\u00f3n por suelo radiante, persianas motorizadas en sal\u00f3n y dormitorio, sistema de seguridad con c\u00e1maras de videovigilancia e instalaci\u00f3n de router wifi.<\/span><\/p>\n<p><span style=\"font-weight: 400;\">Cerca de la ruta del tren por la costa hacia el Aeropuerto de M\u00e1laga o el Centro de M\u00e1laga<\/span><\/p>\n<div class=\"\">\n<p>01\/2025 \u2013 Los precios de compra (sin IVA 10%) son los siguientes:<\/p>\n<ul>\n<li>Pisos de 2 dormitorios y 2 ba\u00f1os desde 545.000 euros<\/li>\n<li>Pisos de 2 dormitorios y 2 ba\u00f1os desde 656.000 euros<\/li>\n<li>\u00c1ticos de 2 dormitorios y 2 ba\u00f1os desde 797.000 euros<\/li>\n<\/ul>\n<p><a href=\"https:\/\/higueron-beach.com\/es\/mas-informacion\/\"><strong>Solicite los \u00faltimos precios y propiedades disponibles &gt;<\/strong><\/a><\/p>\n<p>\u00bfTiene alguna pregunta espec\u00edfica o le gustar\u00eda concertar una cita? Llama a Ron de Vries al +34 677 67 04 80<\/p>\n<p><strong>Oferta total del Higuer\u00f3n<\/strong><\/p>\n<p>\u00bfQuieres una visi\u00f3n general de la oferta total de Higuer\u00f3n? Entonces visita el <a href=\"https:\/\/higueron-estates.com\/\"><strong>Sitio web de Higuer\u00f3n Estates &gt;<\/strong><\/a><\/p>\n<\/div>\n\n\t\t<\/div>\n\t<\/div>\n\n\t\t<\/div>\n\t<\/div>\n\t<\/div>\n\n<\/div>\n<\/div>\n\n<div  class=\"content_row row page-content vc_row wpb_row  default-style fullwidth\" style=\"background-color: #bbac8c;\">\n\t\n\t<div class=\"content_row_wrapper  default\" >\n\t<div id=\"asdasd\" class=\"vc_col-sm-12 wpb_column vc_column_container\" >\n\t<div class=\"vc_column-inner\">\n\t\t<div class=\"wpb_wrapper\" >\n\t\t\t<div class=\"rt_heading_wrapper no-style\">\n\t\t\t\t\t\t<h1 class=\"rt_heading  no-style\"  style=\"font-size:24px;margin-top:24px;margin-bottom:0px;\">Caracter\u00edsticas - <span class=\"after_h1 white\">Residencia Playa Higueron<\/span><\/h1> \n\t\t\t\t\t<\/div><div class=\"vc_empty_space\"   style=\"height: 32px\"><span class=\"vc_empty_space_inner\"><\/span><\/div><div class=\"vc_separator wpb_content_element vc_separator_align_center vc_sep_width_100 vc_sep_style-4 vc_sep_pos_align_center vc_separator_no_text vc_sep_color_grey\" ><span class=\"vc_sep_holder vc_sep_holder_l\"><span class=\"vc_sep_line\"><\/span><\/span><span class=\"vc_sep_holder vc_sep_holder_r\"><span class=\"vc_sep_line\"><\/span><\/span>\n<\/div>\n\t<div class=\"wpb_text_column wpb_content_element\" >\n\t\t<div class=\"wpb_wrapper\">\n\t\t\t\t \n\t\t<div  class=\"bullet-list style-1  check\">\n\t\t<ul>\n<li>60 viviendas nuevas<\/li>\n<li>3 y 3 dormitorios<\/li>\n<li>amplias terrazas con solariums<\/li>\n<li><span style=\"font-weight: 400;\">aire acondicionado (fr\u00edo y calor), calefacci\u00f3n por suelo radiante, persianas motorizadas<\/span><\/li>\n<li><span style=\"font-weight: 400;\">dos plazas de aparcamiento y un trastero<\/span><\/li>\n<li>Precios desde 519.000\u20ac.<\/li>\n<\/ul>\n\n\t\t<\/div>\n\t\n\n\t\t<\/div>\n\t<\/div>\n\n\t\t<\/div>\n\t<\/div>\n\t<\/div>\n\n<\/div>\n<\/div>\n\n<div  class=\"content_row row quote-row vc_row wpb_row  default-style fullwidth\" style=\"background-color: #fcfcfc;\">\n\t\n\t<div class=\"content_row_wrapper  fullwidth\" >\n\t<div id=\"asdasd\" class=\"vc_col-sm-12 wpb_column vc_column_container vc_custom_1644925648982\" >\n\t<div class=\"vc_column-inner\">\n\t\t<div class=\"wpb_wrapper\" >\n\t\t\t<div class=\"rt_heading_wrapper style-3\">\n\t\t\t\t\t\t<h4 class=\"rt_heading serif quote-max-width style-3\" >Paquete informativo residencia Higueron Beach <a href=\"https:\/\/new.minisites.casadelmar.nl\/meer-informatie\/\"> Solicitar folleto y lista de precios <\/a><\/h4> \n\t\t\t\t\t<\/div>\n\t\t<\/div>\n\t<\/div>\n\t<\/div>\n\n<\/div>\n<\/div>\n\n<div  class=\"content_row row vc_row wpb_row  default-style fullwidth\" >\n\t\n\t<div class=\"content_row_wrapper  default\" >\n\t<div id=\"asdasd\" class=\"vc_col-sm-12 wpb_column vc_column_container\" >\n\t<div class=\"vc_column-inner\">\n\t\t<div class=\"wpb_wrapper\" >\n\t\t\t<div class=\"button_wrapper aligncenter\"><a  href=\"\/es\/mas-informacion\/\" target=\"_self\" title=\"&gt; m\u00e1s informaci\u00f3n\" class=\"button_  style-2 small\">&gt; m\u00e1s informaci\u00f3n<\/a><\/div>\n\t\t<\/div>\n\t<\/div>\n\t<\/div>\n\n<\/div>\n<\/div>\n<\/section>","protected":false},"excerpt":{"rendered":"<p>\u2026 <a class=\"more-link\" href=\"https:\/\/higueron-beach.com\/es\/el-complejo\/\">sigue leyendo<\/a><\/p>","protected":false},"author":1,"featured_media":4244,"parent":0,"menu_order":3,"comment_status":"closed","ping_status":"closed","template":"","meta":{"footnotes":""},"class_list":["post-95","page","type-page","status-publish","has-post-thumbnail","hentry"],"yoast_head":"<!-- This site is optimized with the Yoast SEO plugin v26.0 - https:\/\/yoast.com\/wordpress\/plugins\/seo\/ -->\n<title>Higuer\u00f3n South - Higueron Beach<\/title>\n<meta name=\"robots\" content=\"index, follow, max-snippet:-1, max-image-preview:large, max-video-preview:-1\" \/>\n<link rel=\"canonical\" href=\"https:\/\/higueron-beach.com\/es\/el-complejo\/\" \/>\n<meta property=\"og:locale\" content=\"es_ES\" \/>\n<meta property=\"og:type\" content=\"article\" \/>\n<meta property=\"og:title\" content=\"Higuer\u00f3n South - Higueron Beach\" \/>\n<meta property=\"og:url\" content=\"https:\/\/higueron-beach.com\/es\/el-complejo\/\" \/>\n<meta property=\"og:site_name\" content=\"Higueron Beach\" \/>\n<meta property=\"article:modified_time\" content=\"2025-02-15T13:03:43+00:00\" \/>\n<meta property=\"og:image\" content=\"https:\/\/higueron-beach.com\/wp-content\/uploads\/sites\/17\/2022\/03\/03-Penthouse.jpg\" \/>\n\t<meta property=\"og:image:width\" content=\"1980\" \/>\n\t<meta property=\"og:image:height\" content=\"1080\" \/>\n\t<meta property=\"og:image:type\" content=\"image\/jpeg\" \/>\n<meta name=\"twitter:card\" content=\"summary_large_image\" \/>\n<meta name=\"twitter:label1\" content=\"Tiempo de lectura\" \/>\n\t<meta name=\"twitter:data1\" content=\"4 minutos\" \/>\n<script type=\"application\/ld+json\" class=\"yoast-schema-graph\">{\"@context\":\"https:\/\/schema.org\",\"@graph\":[{\"@type\":\"WebPage\",\"@id\":\"https:\/\/higueron-beach.com\/het-complex\/\",\"url\":\"https:\/\/higueron-beach.com\/het-complex\/\",\"name\":\"Higuer\u00f3n South - Higueron Beach\",\"isPartOf\":{\"@id\":\"https:\/\/higueron-beach.com\/#website\"},\"primaryImageOfPage\":{\"@id\":\"https:\/\/higueron-beach.com\/het-complex\/#primaryimage\"},\"image\":{\"@id\":\"https:\/\/higueron-beach.com\/het-complex\/#primaryimage\"},\"thumbnailUrl\":\"https:\/\/higueron-beach.com\/wp-content\/uploads\/sites\/17\/2022\/03\/03-Penthouse.jpg\",\"datePublished\":\"2022-01-27T10:58:29+00:00\",\"dateModified\":\"2025-02-15T13:03:43+00:00\",\"breadcrumb\":{\"@id\":\"https:\/\/higueron-beach.com\/het-complex\/#breadcrumb\"},\"inLanguage\":\"es\",\"potentialAction\":[{\"@type\":\"ReadAction\",\"target\":[\"https:\/\/higueron-beach.com\/het-complex\/\"]}]},{\"@type\":\"ImageObject\",\"inLanguage\":\"es\",\"@id\":\"https:\/\/higueron-beach.com\/het-complex\/#primaryimage\",\"url\":\"https:\/\/higueron-beach.com\/wp-content\/uploads\/sites\/17\/2022\/03\/03-Penthouse.jpg\",\"contentUrl\":\"https:\/\/higueron-beach.com\/wp-content\/uploads\/sites\/17\/2022\/03\/03-Penthouse.jpg\",\"width\":1980,\"height\":1080},{\"@type\":\"BreadcrumbList\",\"@id\":\"https:\/\/higueron-beach.com\/het-complex\/#breadcrumb\",\"itemListElement\":[{\"@type\":\"ListItem\",\"position\":1,\"name\":\"Home\",\"item\":\"https:\/\/higueron-beach.com\/\"},{\"@type\":\"ListItem\",\"position\":2,\"name\":\"Higuer\u00f3n South\"}]},{\"@type\":\"WebSite\",\"@id\":\"https:\/\/higueron-beach.com\/#website\",\"url\":\"https:\/\/higueron-beach.com\/\",\"name\":\"Higueron Beach\",\"description\":\"\",\"potentialAction\":[{\"@type\":\"SearchAction\",\"target\":{\"@type\":\"EntryPoint\",\"urlTemplate\":\"https:\/\/higueron-beach.com\/?s={search_term_string}\"},\"query-input\":{\"@type\":\"PropertyValueSpecification\",\"valueRequired\":true,\"valueName\":\"search_term_string\"}}],\"inLanguage\":\"es\"}]}<\/script>\n<!-- \/ Yoast SEO plugin. -->","yoast_head_json":{"title":"Higuer\u00f3n Sur - Playa del Higuer\u00f3n","robots":{"index":"index","follow":"follow","max-snippet":"max-snippet:-1","max-image-preview":"max-image-preview:large","max-video-preview":"max-video-preview:-1"},"canonical":"https:\/\/higueron-beach.com\/es\/el-complejo\/","og_locale":"es_ES","og_type":"article","og_title":"Higuer\u00f3n South - Higueron Beach","og_url":"https:\/\/higueron-beach.com\/es\/el-complejo\/","og_site_name":"Higueron Beach","article_modified_time":"2025-02-15T13:03:43+00:00","og_image":[{"width":1980,"height":1080,"url":"https:\/\/higueron-beach.com\/wp-content\/uploads\/sites\/17\/2022\/03\/03-Penthouse.jpg","type":"image\/jpeg"}],"twitter_card":"summary_large_image","twitter_misc":{"Tiempo de lectura":"4 minutos"},"schema":{"@context":"https:\/\/schema.org","@graph":[{"@type":"WebPage","@id":"https:\/\/higueron-beach.com\/het-complex\/","url":"https:\/\/higueron-beach.com\/het-complex\/","name":"Higuer\u00f3n Sur - Playa del Higuer\u00f3n","isPartOf":{"@id":"https:\/\/higueron-beach.com\/#website"},"primaryImageOfPage":{"@id":"https:\/\/higueron-beach.com\/het-complex\/#primaryimage"},"image":{"@id":"https:\/\/higueron-beach.com\/het-complex\/#primaryimage"},"thumbnailUrl":"https:\/\/higueron-beach.com\/wp-content\/uploads\/sites\/17\/2022\/03\/03-Penthouse.jpg","datePublished":"2022-01-27T10:58:29+00:00","dateModified":"2025-02-15T13:03:43+00:00","breadcrumb":{"@id":"https:\/\/higueron-beach.com\/het-complex\/#breadcrumb"},"inLanguage":"es","potentialAction":[{"@type":"ReadAction","target":["https:\/\/higueron-beach.com\/het-complex\/"]}]},{"@type":"ImageObject","inLanguage":"es","@id":"https:\/\/higueron-beach.com\/het-complex\/#primaryimage","url":"https:\/\/higueron-beach.com\/wp-content\/uploads\/sites\/17\/2022\/03\/03-Penthouse.jpg","contentUrl":"https:\/\/higueron-beach.com\/wp-content\/uploads\/sites\/17\/2022\/03\/03-Penthouse.jpg","width":1980,"height":1080},{"@type":"BreadcrumbList","@id":"https:\/\/higueron-beach.com\/het-complex\/#breadcrumb","itemListElement":[{"@type":"ListItem","position":1,"name":"Home","item":"https:\/\/higueron-beach.com\/"},{"@type":"ListItem","position":2,"name":"Higuer\u00f3n South"}]},{"@type":"WebSite","@id":"https:\/\/higueron-beach.com\/#website","url":"https:\/\/higueron-beach.com\/","name":"Playa del Higuer\u00f3n","description":"","potentialAction":[{"@type":"SearchAction","target":{"@type":"EntryPoint","urlTemplate":"https:\/\/higueron-beach.com\/?s={search_term_string}"},"query-input":{"@type":"PropertyValueSpecification","valueRequired":true,"valueName":"search_term_string"}}],"inLanguage":"es"}]}},"_links":{"self":[{"href":"https:\/\/higueron-beach.com\/es\/wp-json\/wp\/v2\/pages\/95","targetHints":{"allow":["GET"]}}],"collection":[{"href":"https:\/\/higueron-beach.com\/es\/wp-json\/wp\/v2\/pages"}],"about":[{"href":"https:\/\/higueron-beach.com\/es\/wp-json\/wp\/v2\/types\/page"}],"author":[{"embeddable":true,"href":"https:\/\/higueron-beach.com\/es\/wp-json\/wp\/v2\/users\/1"}],"replies":[{"embeddable":true,"href":"https:\/\/higueron-beach.com\/es\/wp-json\/wp\/v2\/comments?post=95"}],"version-history":[{"count":49,"href":"https:\/\/higueron-beach.com\/es\/wp-json\/wp\/v2\/pages\/95\/revisions"}],"predecessor-version":[{"id":4293,"href":"https:\/\/higueron-beach.com\/es\/wp-json\/wp\/v2\/pages\/95\/revisions\/4293"}],"wp:featuredmedia":[{"embeddable":true,"href":"https:\/\/higueron-beach.com\/es\/wp-json\/wp\/v2\/media\/4244"}],"wp:attachment":[{"href":"https:\/\/higueron-beach.com\/es\/wp-json\/wp\/v2\/media?parent=95"}],"curies":[{"name":"wp","href":"https:\/\/api.w.org\/{rel}","templated":true}]}}