{"id":95,"date":"2022-01-27T10:58:29","date_gmt":"2022-01-27T10:58:29","guid":{"rendered":"http:\/\/cognito.mprinsdesign.nl\/?page_id=95"},"modified":"2025-02-15T13:03:43","modified_gmt":"2025-02-15T13:03:43","slug":"il-complesso","status":"publish","type":"page","link":"https:\/\/higueron-beach.com\/it\/il-complesso\/","title":{"rendered":"Higueron Sud"},"content":{"rendered":"<section class=\"wpb-content-wrapper\"><div  class=\"content_row row page-content vc_row wpb_row  default-style fullwidth\" >\n\t\n\t<div class=\"content_row_wrapper  default\" >\n\t<div id=\"asdasd\" class=\"vc_col-sm-12 wpb_column vc_column_container\" >\n\t<div class=\"vc_column-inner\">\n\t\t<div class=\"wpb_wrapper\" >\n\t\t\t<div class=\"rt_heading_wrapper no-style\">\n\t\t\t\t\t\t<h1 class=\"rt_heading  no-style\"  style=\"font-size:24px;margin-top:24px;margin-bottom:0px;\">Higueron Beach Residences \u2013 <span class=\"after_h1\">Benalm\u00e1dena. Da \u20ac545.000<\/span><\/h1> \n\t\t\t\t\t<\/div><div class=\"vc_empty_space\"   style=\"height: 32px\"><span class=\"vc_empty_space_inner\"><\/span><\/div><div class=\"vc_separator wpb_content_element vc_separator_align_center vc_sep_width_100 vc_sep_style-4 vc_sep_pos_align_center vc_separator_no_text vc_sep_color_grey\" ><span class=\"vc_sep_holder vc_sep_holder_l\"><span class=\"vc_sep_line\"><\/span><\/span><span class=\"vc_sep_holder vc_sep_holder_r\"><span class=\"vc_sep_line\"><\/span><\/span>\n<\/div><div class=\"vc_empty_space\"   style=\"height: 32px\"><span class=\"vc_empty_space_inner\"><\/span><\/div>\n\t<div class=\"wpb_text_column wpb_content_element\" >\n\t\t<div class=\"wpb_wrapper\">\n\t\t\t<div class=\"\">\n<p><span style=\"font-weight: 400;\">Nuovo sviluppo di 60 appartamenti di lusso nella zona pi\u00f9 desiderabile di El Higuer\u00f3n, in una comunit\u00e0 esclusiva recintata con palestra, piscina riscaldata, jacuzzi e spazio di coworking, a 500 metri dal lungomare e da tutti i servizi, e a 300 metri dalla stazione ferroviaria di Carvajal con Accesso all&#039;aeroporto e al centro di Malaga.<\/span><\/p>\n<p><span style=\"font-weight: 400;\">Tutti gli appartamenti hanno vista sul mare, orientamento sud e sud-ovest, terrazze molto ampie, marchi prestigiosi e alta qualit\u00e0 come il riscaldamento a pavimento e il moderno sistema di riscaldamento aerotermico a risparmio energetico. Tutte le case hanno 2 posti auto nel seminterrato e ripostiglio. Non vi lasceranno indifferenti gli incredibili spazi comuni, dove la funzione principale sar\u00e0 il piazzale panoramico da cui godere della vista mare.<\/span><\/p>\n<p><span style=\"font-weight: 400;\">Completa personalizzazione gratuita di tutti i materiali interni, architettura interna flessibile, pacchetti di mobili, servizio clienti post-vendita in loco e la garanzia di uno dei principali e pi\u00f9 longevi sviluppatori europei e dei pi\u00f9 prestigiosi architetti Gonz\u00e1lez &amp; Jacobsen.<\/span><\/p>\n<\/div>\n<p><span style=\"font-weight: 400;\">Higuer\u00f3n Beach Residences \u00e8 un nuovo progetto situato nella bellissima zona di El Higuer\u00f3n, a Fuengirola.<\/span><\/p>\n<p><span style=\"font-weight: 400;\">Composto da 60 nuove case distribuite su 3 blocchi di appartamenti con 2 e 3 camere da letto con la possibilit\u00e0 di case al piano terra con ampie terrazze e giardini, case al piano intermedio con terrazze e attici duplex con solarium sul tetto.\u00a0<\/span><\/p>\n<p><span style=\"font-weight: 400;\">I layout disponibili sono 2 camere da letto\/2 bagni, 3 camere da letto\/2 bagni e 3 camere da letto\/3 bagni.<\/span><\/p>\n<p><span style=\"font-weight: 400;\">Le propriet\u00e0 sono esposte a sud-ovest e offrono ai proprietari splendide viste sul mare. Ogni propriet\u00e0 \u00e8 dotata di due posti auto e un ripostiglio.<\/span><\/p>\n<p><span style=\"font-weight: 400;\">Le aree comuni di questo bellissimo progetto includono una piscina riscaldata per adulti, una piscina separata per bambini, una vasca idromassaggio riscaldata, una palestra completamente attrezzata, una sala di co-working, wifi comune, piazza panoramica di 127 m\u00b2 e giardini paesaggistici con percorsi interni. Inoltre, i pannelli solari contribuiscono alla sostenibilit\u00e0 e riducono il consumo di elettricit\u00e0.<\/span><\/p>\n<p><span style=\"font-weight: 400;\">Le ampie terrazze e le finestre inonderanno la propriet\u00e0 di luce naturale e massimizzeranno l&#039;eccellente vista sul mare e sulle montagne. Gli immobili sono tutti dotati di aria condizionata (calda e fredda), riscaldamento a pavimento, tapparelle motorizzate in soggiorno e camera da letto, impianto di sicurezza con telecamere di videosorveglianza e installazione di router wifi.<\/span><\/p>\n<p><span style=\"font-weight: 400;\">Vicino alla linea ferroviaria lungo la costa per M\u00e1laga Aeroporte o M\u00e1laga Center<\/span><\/p>\n<div class=\"\">\n<p>01\/2025 \u2013 I prezzi di acquisto (esclusa IVA 10%) sono i seguenti:<\/p>\n<ul>\n<li>Appartamenti con 2 camere da letto e 2 bagni da 545.000 euro<\/li>\n<li>Appartamenti 2 camere, 2 bagni da 656.000 euro<\/li>\n<li>Attici 2 camere, 2 bagni da 797.000 euro<\/li>\n<\/ul>\n<p><a href=\"https:\/\/higueron-beach.com\/it\/maggiori-informazioni\/\"><strong>Richiedi i prezzi pi\u00f9 recenti e le propriet\u00e0 disponibili &gt;<\/strong><\/a><\/p>\n<p>Hai una domanda specifica o desideri fissare un appuntamento? Chiama Ron de Vries al +34 677 67 04 80<\/p>\n<p><strong>Offerta Higueron totale<\/strong><\/p>\n<p>Desideri una panoramica dell&#039;offerta totale di Higuer\u00f3n? Allora visita il <a href=\"https:\/\/higueron-estates.com\/\"><strong>Sito web di Higueron Estates &gt;<\/strong><\/a><\/p>\n<\/div>\n\n\t\t<\/div>\n\t<\/div>\n\n\t\t<\/div>\n\t<\/div>\n\t<\/div>\n\n<\/div>\n<\/div>\n\n<div  class=\"content_row row page-content vc_row wpb_row  default-style fullwidth\" style=\"background-color: #bbac8c;\">\n\t\n\t<div class=\"content_row_wrapper  default\" >\n\t<div id=\"asdasd\" class=\"vc_col-sm-12 wpb_column vc_column_container\" >\n\t<div class=\"vc_column-inner\">\n\t\t<div class=\"wpb_wrapper\" >\n\t\t\t<div class=\"rt_heading_wrapper no-style\">\n\t\t\t\t\t\t<h1 class=\"rt_heading  no-style\"  style=\"font-size:24px;margin-top:24px;margin-bottom:0px;\">Caratteristiche - <span class=\"after_h1 white\">Residenza sulla spiaggia di Higueron<\/span><\/h1> \n\t\t\t\t\t<\/div><div class=\"vc_empty_space\"   style=\"height: 32px\"><span class=\"vc_empty_space_inner\"><\/span><\/div><div class=\"vc_separator wpb_content_element vc_separator_align_center vc_sep_width_100 vc_sep_style-4 vc_sep_pos_align_center vc_separator_no_text vc_sep_color_grey\" ><span class=\"vc_sep_holder vc_sep_holder_l\"><span class=\"vc_sep_line\"><\/span><\/span><span class=\"vc_sep_holder vc_sep_holder_r\"><span class=\"vc_sep_line\"><\/span><\/span>\n<\/div>\n\t<div class=\"wpb_text_column wpb_content_element\" >\n\t\t<div class=\"wpb_wrapper\">\n\t\t\t\t \n\t\t<div  class=\"bullet-list style-1  check\">\n\t\t<ul>\n<li>60 nuove case<\/li>\n<li>3 e 3 camere da letto<\/li>\n<li>ampi terrazzi con solarium<\/li>\n<li><span style=\"font-weight: 400;\">aria condizionata (calda e fredda), riscaldamento a pavimento, tapparelle motorizzate<\/span><\/li>\n<li><span style=\"font-weight: 400;\">due posti auto e un ripostiglio<\/span><\/li>\n<li>prezzi a partire da \u20ac 519.000.<\/li>\n<\/ul>\n\n\t\t<\/div>\n\t\n\n\t\t<\/div>\n\t<\/div>\n\n\t\t<\/div>\n\t<\/div>\n\t<\/div>\n\n<\/div>\n<\/div>\n\n<div  class=\"content_row row quote-row vc_row wpb_row  default-style fullwidth\" style=\"background-color: #fcfcfc;\">\n\t\n\t<div class=\"content_row_wrapper  fullwidth\" >\n\t<div id=\"asdasd\" class=\"vc_col-sm-12 wpb_column vc_column_container vc_custom_1644925648982\" >\n\t<div class=\"vc_column-inner\">\n\t\t<div class=\"wpb_wrapper\" >\n\t\t\t<div class=\"rt_heading_wrapper style-3\">\n\t\t\t\t\t\t<h4 class=\"rt_heading serif quote-max-width style-3\" >Pacchetto informativo Residenza Higueron Beach <a href=\"https:\/\/new.minisites.casadelmar.nl\/meer-informatie\/\"> Richiedi depliant e listino prezzi <\/a><\/h4> \n\t\t\t\t\t<\/div>\n\t\t<\/div>\n\t<\/div>\n\t<\/div>\n\n<\/div>\n<\/div>\n\n<div  class=\"content_row row vc_row wpb_row  default-style fullwidth\" >\n\t\n\t<div class=\"content_row_wrapper  default\" >\n\t<div id=\"asdasd\" class=\"vc_col-sm-12 wpb_column vc_column_container\" >\n\t<div class=\"vc_column-inner\">\n\t\t<div class=\"wpb_wrapper\" >\n\t\t\t<div class=\"button_wrapper aligncenter\"><a  href=\"\/it\/maggiori-informazioni\/\" target=\"_self\" title=\"&gt; maggiori informazioni\" class=\"button_  style-2 small\">&gt; maggiori informazioni<\/a><\/div>\n\t\t<\/div>\n\t<\/div>\n\t<\/div>\n\n<\/div>\n<\/div>\n<\/section>","protected":false},"excerpt":{"rendered":"<p>\u2026 <a class=\"more-link\" href=\"https:\/\/higueron-beach.com\/it\/il-complesso\/\">Continua a leggere<\/a><\/p>","protected":false},"author":1,"featured_media":4244,"parent":0,"menu_order":3,"comment_status":"closed","ping_status":"closed","template":"","meta":{"footnotes":""},"class_list":["post-95","page","type-page","status-publish","has-post-thumbnail","hentry"],"yoast_head":"<!-- This site is optimized with the Yoast SEO plugin v26.0 - https:\/\/yoast.com\/wordpress\/plugins\/seo\/ -->\n<title>Higuer\u00f3n South - Higueron Beach<\/title>\n<meta name=\"robots\" content=\"index, follow, max-snippet:-1, max-image-preview:large, max-video-preview:-1\" \/>\n<link rel=\"canonical\" href=\"https:\/\/higueron-beach.com\/it\/il-complesso\/\" \/>\n<meta property=\"og:locale\" content=\"it_IT\" \/>\n<meta property=\"og:type\" content=\"article\" \/>\n<meta property=\"og:title\" content=\"Higuer\u00f3n South - Higueron Beach\" \/>\n<meta property=\"og:url\" content=\"https:\/\/higueron-beach.com\/it\/il-complesso\/\" \/>\n<meta property=\"og:site_name\" content=\"Higueron Beach\" \/>\n<meta property=\"article:modified_time\" content=\"2025-02-15T13:03:43+00:00\" \/>\n<meta property=\"og:image\" content=\"https:\/\/higueron-beach.com\/wp-content\/uploads\/sites\/17\/2022\/03\/03-Penthouse.jpg\" \/>\n\t<meta property=\"og:image:width\" content=\"1980\" \/>\n\t<meta property=\"og:image:height\" content=\"1080\" \/>\n\t<meta property=\"og:image:type\" content=\"image\/jpeg\" \/>\n<meta name=\"twitter:card\" content=\"summary_large_image\" \/>\n<meta name=\"twitter:label1\" content=\"Tempo di lettura stimato\" \/>\n\t<meta name=\"twitter:data1\" content=\"4 minuti\" \/>\n<script type=\"application\/ld+json\" class=\"yoast-schema-graph\">{\"@context\":\"https:\/\/schema.org\",\"@graph\":[{\"@type\":\"WebPage\",\"@id\":\"https:\/\/higueron-beach.com\/het-complex\/\",\"url\":\"https:\/\/higueron-beach.com\/het-complex\/\",\"name\":\"Higuer\u00f3n South - Higueron Beach\",\"isPartOf\":{\"@id\":\"https:\/\/higueron-beach.com\/#website\"},\"primaryImageOfPage\":{\"@id\":\"https:\/\/higueron-beach.com\/het-complex\/#primaryimage\"},\"image\":{\"@id\":\"https:\/\/higueron-beach.com\/het-complex\/#primaryimage\"},\"thumbnailUrl\":\"https:\/\/higueron-beach.com\/wp-content\/uploads\/sites\/17\/2022\/03\/03-Penthouse.jpg\",\"datePublished\":\"2022-01-27T10:58:29+00:00\",\"dateModified\":\"2025-02-15T13:03:43+00:00\",\"breadcrumb\":{\"@id\":\"https:\/\/higueron-beach.com\/het-complex\/#breadcrumb\"},\"inLanguage\":\"it-IT\",\"potentialAction\":[{\"@type\":\"ReadAction\",\"target\":[\"https:\/\/higueron-beach.com\/het-complex\/\"]}]},{\"@type\":\"ImageObject\",\"inLanguage\":\"it-IT\",\"@id\":\"https:\/\/higueron-beach.com\/het-complex\/#primaryimage\",\"url\":\"https:\/\/higueron-beach.com\/wp-content\/uploads\/sites\/17\/2022\/03\/03-Penthouse.jpg\",\"contentUrl\":\"https:\/\/higueron-beach.com\/wp-content\/uploads\/sites\/17\/2022\/03\/03-Penthouse.jpg\",\"width\":1980,\"height\":1080},{\"@type\":\"BreadcrumbList\",\"@id\":\"https:\/\/higueron-beach.com\/het-complex\/#breadcrumb\",\"itemListElement\":[{\"@type\":\"ListItem\",\"position\":1,\"name\":\"Home\",\"item\":\"https:\/\/higueron-beach.com\/\"},{\"@type\":\"ListItem\",\"position\":2,\"name\":\"Higuer\u00f3n South\"}]},{\"@type\":\"WebSite\",\"@id\":\"https:\/\/higueron-beach.com\/#website\",\"url\":\"https:\/\/higueron-beach.com\/\",\"name\":\"Higueron Beach\",\"description\":\"\",\"potentialAction\":[{\"@type\":\"SearchAction\",\"target\":{\"@type\":\"EntryPoint\",\"urlTemplate\":\"https:\/\/higueron-beach.com\/?s={search_term_string}\"},\"query-input\":{\"@type\":\"PropertyValueSpecification\",\"valueRequired\":true,\"valueName\":\"search_term_string\"}}],\"inLanguage\":\"it-IT\"}]}<\/script>\n<!-- \/ Yoast SEO plugin. -->","yoast_head_json":{"title":"Higueron Sud - Spiaggia di Higueron","robots":{"index":"index","follow":"follow","max-snippet":"max-snippet:-1","max-image-preview":"max-image-preview:large","max-video-preview":"max-video-preview:-1"},"canonical":"https:\/\/higueron-beach.com\/it\/il-complesso\/","og_locale":"it_IT","og_type":"article","og_title":"Higuer\u00f3n South - Higueron Beach","og_url":"https:\/\/higueron-beach.com\/it\/il-complesso\/","og_site_name":"Higueron Beach","article_modified_time":"2025-02-15T13:03:43+00:00","og_image":[{"width":1980,"height":1080,"url":"https:\/\/higueron-beach.com\/wp-content\/uploads\/sites\/17\/2022\/03\/03-Penthouse.jpg","type":"image\/jpeg"}],"twitter_card":"summary_large_image","twitter_misc":{"Tempo di lettura stimato":"4 minuti"},"schema":{"@context":"https:\/\/schema.org","@graph":[{"@type":"WebPage","@id":"https:\/\/higueron-beach.com\/het-complex\/","url":"https:\/\/higueron-beach.com\/het-complex\/","name":"Higueron Sud - Spiaggia di Higueron","isPartOf":{"@id":"https:\/\/higueron-beach.com\/#website"},"primaryImageOfPage":{"@id":"https:\/\/higueron-beach.com\/het-complex\/#primaryimage"},"image":{"@id":"https:\/\/higueron-beach.com\/het-complex\/#primaryimage"},"thumbnailUrl":"https:\/\/higueron-beach.com\/wp-content\/uploads\/sites\/17\/2022\/03\/03-Penthouse.jpg","datePublished":"2022-01-27T10:58:29+00:00","dateModified":"2025-02-15T13:03:43+00:00","breadcrumb":{"@id":"https:\/\/higueron-beach.com\/het-complex\/#breadcrumb"},"inLanguage":"it-IT","potentialAction":[{"@type":"ReadAction","target":["https:\/\/higueron-beach.com\/het-complex\/"]}]},{"@type":"ImageObject","inLanguage":"it-IT","@id":"https:\/\/higueron-beach.com\/het-complex\/#primaryimage","url":"https:\/\/higueron-beach.com\/wp-content\/uploads\/sites\/17\/2022\/03\/03-Penthouse.jpg","contentUrl":"https:\/\/higueron-beach.com\/wp-content\/uploads\/sites\/17\/2022\/03\/03-Penthouse.jpg","width":1980,"height":1080},{"@type":"BreadcrumbList","@id":"https:\/\/higueron-beach.com\/het-complex\/#breadcrumb","itemListElement":[{"@type":"ListItem","position":1,"name":"Home","item":"https:\/\/higueron-beach.com\/"},{"@type":"ListItem","position":2,"name":"Higuer\u00f3n South"}]},{"@type":"WebSite","@id":"https:\/\/higueron-beach.com\/#website","url":"https:\/\/higueron-beach.com\/","name":"Spiaggia dell&#039;Higueron","description":"","potentialAction":[{"@type":"SearchAction","target":{"@type":"EntryPoint","urlTemplate":"https:\/\/higueron-beach.com\/?s={search_term_string}"},"query-input":{"@type":"PropertyValueSpecification","valueRequired":true,"valueName":"search_term_string"}}],"inLanguage":"it-IT"}]}},"_links":{"self":[{"href":"https:\/\/higueron-beach.com\/it\/wp-json\/wp\/v2\/pages\/95","targetHints":{"allow":["GET"]}}],"collection":[{"href":"https:\/\/higueron-beach.com\/it\/wp-json\/wp\/v2\/pages"}],"about":[{"href":"https:\/\/higueron-beach.com\/it\/wp-json\/wp\/v2\/types\/page"}],"author":[{"embeddable":true,"href":"https:\/\/higueron-beach.com\/it\/wp-json\/wp\/v2\/users\/1"}],"replies":[{"embeddable":true,"href":"https:\/\/higueron-beach.com\/it\/wp-json\/wp\/v2\/comments?post=95"}],"version-history":[{"count":49,"href":"https:\/\/higueron-beach.com\/it\/wp-json\/wp\/v2\/pages\/95\/revisions"}],"predecessor-version":[{"id":4293,"href":"https:\/\/higueron-beach.com\/it\/wp-json\/wp\/v2\/pages\/95\/revisions\/4293"}],"wp:featuredmedia":[{"embeddable":true,"href":"https:\/\/higueron-beach.com\/it\/wp-json\/wp\/v2\/media\/4244"}],"wp:attachment":[{"href":"https:\/\/higueron-beach.com\/it\/wp-json\/wp\/v2\/media?parent=95"}],"curies":[{"name":"wp","href":"https:\/\/api.w.org\/{rel}","templated":true}]}}