{"id":95,"date":"2022-01-27T10:58:29","date_gmt":"2022-01-27T10:58:29","guid":{"rendered":"http:\/\/cognito.mprinsdesign.nl\/?page_id=95"},"modified":"2025-02-15T13:03:43","modified_gmt":"2025-02-15T13:03:43","slug":"kompleks","status":"publish","type":"page","link":"https:\/\/higueron-beach.com\/pl\/kompleks\/","title":{"rendered":"Higueron po\u0142udnie"},"content":{"rendered":"<section class=\"wpb-content-wrapper\"><div  class=\"content_row row page-content vc_row wpb_row  default-style fullwidth\" >\n\t\n\t<div class=\"content_row_wrapper  default\" >\n\t<div id=\"asdasd\" class=\"vc_col-sm-12 wpb_column vc_column_container\" >\n\t<div class=\"vc_column-inner\">\n\t\t<div class=\"wpb_wrapper\" >\n\t\t\t<div class=\"rt_heading_wrapper no-style\">\n\t\t\t\t\t\t<h1 class=\"rt_heading  no-style\"  style=\"font-size:24px;margin-top:24px;margin-bottom:0px;\">Rezydencje przy pla\u017cy Higueron \u2013 <span class=\"after_h1\">Benalmadena. Od 545 000 \u20ac<\/span><\/h1> \n\t\t\t\t\t<\/div><div class=\"vc_empty_space\"   style=\"height: 32px\"><span class=\"vc_empty_space_inner\"><\/span><\/div><div class=\"vc_separator wpb_content_element vc_separator_align_center vc_sep_width_100 vc_sep_style-4 vc_sep_pos_align_center vc_separator_no_text vc_sep_color_grey\" ><span class=\"vc_sep_holder vc_sep_holder_l\"><span class=\"vc_sep_line\"><\/span><\/span><span class=\"vc_sep_holder vc_sep_holder_r\"><span class=\"vc_sep_line\"><\/span><\/span>\n<\/div><div class=\"vc_empty_space\"   style=\"height: 32px\"><span class=\"vc_empty_space_inner\"><\/span><\/div>\n\t<div class=\"wpb_text_column wpb_content_element\" >\n\t\t<div class=\"wpb_wrapper\">\n\t\t\t<div class=\"\">\n<p><span style=\"font-weight: 400;\">Nowa inwestycja 60 luksusowych apartament\u00f3w w najbardziej po\u017c\u0105danej dzielnicy El Higuer\u00f3n, w zamkni\u0119tym ekskluzywnym osiedlu z si\u0142owni\u0105, basenem z podgrzewan\u0105 wod\u0105, jacuzzi i przestrzeni\u0105 coworkingow\u0105, 500 m od nadmorskiej promenady i wszystkich us\u0142ug oraz 300 m od stacji kolejowej Carvajal z Dost\u0119p do lotniska i centrum Malagi.<\/span><\/p>\n<p><span style=\"font-weight: 400;\">Wszystkie apartamenty maj\u0105 widok na morze, orientacj\u0119 po\u0142udniow\u0105 i po\u0142udniowo-zachodni\u0105, bardzo du\u017ce tarasy, najlepsze marki i wysokie walory, takie jak ogrzewanie pod\u0142ogowe i nowoczesny, energooszcz\u0119dny system ogrzewania aerotermicznego. Wszystkie domy posiadaj\u0105 2 miejsca parkingowe w piwnicy oraz kom\u00f3rk\u0119 lokatorsk\u0105. Niesamowite przestrzenie wsp\u00f3lne nie pozostawi\u0105 Ci\u0119 oboj\u0119tnym, gdzie g\u0142\u00f3wn\u0105 funkcj\u0105 b\u0119dzie plac widokowy, z kt\u00f3rego mo\u017cna podziwia\u0107 widok na morze.<\/span><\/p>\n<p><span style=\"font-weight: 400;\">Pe\u0142na bezp\u0142atna personalizacja wszystkich materia\u0142\u00f3w wewn\u0119trznych, elastyczna architektura wn\u0119trz, pakiety mebli, obs\u0142uga posprzeda\u017cna na miejscu oraz gwarancja jednego z wiod\u0105cych i najd\u0142u\u017cej dzia\u0142aj\u0105cych europejskich deweloper\u00f3w oraz najbardziej presti\u017cowych architekt\u00f3w Gonz\u00e1lez &amp; Jacobsen.<\/span><\/p>\n<\/div>\n<p><span style=\"font-weight: 400;\">Higuer\u00f3n Beach Residences to nowy projekt po\u0142o\u017cony w pi\u0119knej okolicy El Higuer\u00f3n, w Fuengirola.<\/span><\/p>\n<p><span style=\"font-weight: 400;\">Sk\u0142ada si\u0119 z 60 nowych dom\u00f3w rozmieszczonych w 3 blokach z 2 i 3 sypialniami z opcj\u0105 dom\u00f3w na parterze z przestronnymi tarasami i ogrodami, dom\u00f3w na \u015brodkowych pi\u0119trach z tarasami i dwupoziomowych apartament\u00f3w typu penthouse z solariami na dachu.\u00a0<\/span><\/p>\n<p><span style=\"font-weight: 400;\">Dost\u0119pne uk\u0142ady to 2 sypialnie\/2 \u0142azienki, 3 sypialnie\/2 \u0142azienki i 3 sypialnie\/3 \u0142azienki.<\/span><\/p>\n<p><span style=\"font-weight: 400;\">Nieruchomo\u015bci s\u0105 skierowane na po\u0142udniowy-zach\u00f3d i oferuj\u0105 w\u0142a\u015bcicielom pi\u0119kne widoki na morze. Do ka\u017cdego lokalu przynale\u017c\u0105 dwa miejsca parkingowe oraz kom\u00f3rka lokatorska.<\/span><\/p>\n<p><span style=\"font-weight: 400;\">Cz\u0119\u015bci wsp\u00f3lne tego pi\u0119knego projektu obejmuj\u0105 podgrzewany basen dla doros\u0142ych, oddzielny basen dla dzieci, podgrzewane jacuzzi, w pe\u0142ni wyposa\u017con\u0105 si\u0142owni\u0119, pok\u00f3j do wsp\u00f3\u0142pracy, og\u00f3lnodost\u0119pne Wi-Fi, plac widokowy o powierzchni 127 m\u00b2 oraz zadbane ogrody z wewn\u0119trznymi \u015bcie\u017ckami. Ponadto panele s\u0142oneczne przyczyniaj\u0105 si\u0119 do zr\u00f3wnowa\u017conego rozwoju i zmniejszaj\u0105 zu\u017cycie energii elektrycznej.<\/span><\/p>\n<p><span style=\"font-weight: 400;\">Du\u017ce tarasy i okna zalewaj\u0105 posiad\u0142o\u015b\u0107 naturalnym \u015bwiat\u0142em i maksymalizuj\u0105 wspania\u0142e widoki na morze i g\u00f3ry. Wszystkie nieruchomo\u015bci s\u0105 wyposa\u017cone w klimatyzacj\u0119 (ciep\u0142o i zimno), ogrzewanie pod\u0142ogowe, rolety z nap\u0119dem w salonie i sypialni, system bezpiecze\u0144stwa z kamerami wideo oraz instalacj\u0119 routera Wi-Fi.<\/span><\/p>\n<p><span style=\"font-weight: 400;\">W pobli\u017cu trasy kolejowej wzd\u0142u\u017c wybrze\u017ca do M\u00e1laga Aeroporte lub M\u00e1laga Center<\/span><\/p>\n<div class=\"\">\n<p>01\/2025 \u2013 Ceny zakupu (bez podatku VAT 10%) przedstawiaj\u0105 si\u0119 nast\u0119puj\u0105co:<\/p>\n<ul>\n<li>Apartamenty z 2 sypialniami i 2 \u0142azienkami od 545 000 euro<\/li>\n<li>Apartamenty z 2 sypialniami i 2 \u0142azienkami od 656 000 euro<\/li>\n<li>Penthouse z 2 sypialniami i 2 \u0142azienkami od 797 000 euro<\/li>\n<\/ul>\n<p><a href=\"https:\/\/higueron-beach.com\/pl\/wiecej-informacji\/\"><strong>Zapytaj o najnowsze ceny i dost\u0119pne nieruchomo\u015bci &gt;<\/strong><\/a><\/p>\n<p>Masz konkretne pytanie lub chcesz um\u00f3wi\u0107 si\u0119 na spotkanie? Zadzwo\u0144 do Rona de Vriesa pod numer +34 677 67 04 80<\/p>\n<p><strong>Ca\u0142kowita oferta Higueron<\/strong><\/p>\n<p>Czy chcesz zapozna\u0107 si\u0119 z pe\u0142n\u0105 ofert\u0105 Higuer\u00f3n? Nast\u0119pnie odwied\u017a <a href=\"https:\/\/higueron-estates.com\/\"><strong>Strona internetowa Higueron Estates &gt;<\/strong><\/a><\/p>\n<\/div>\n\n\t\t<\/div>\n\t<\/div>\n\n\t\t<\/div>\n\t<\/div>\n\t<\/div>\n\n<\/div>\n<\/div>\n\n<div  class=\"content_row row page-content vc_row wpb_row  default-style fullwidth\" style=\"background-color: #bbac8c;\">\n\t\n\t<div class=\"content_row_wrapper  default\" >\n\t<div id=\"asdasd\" class=\"vc_col-sm-12 wpb_column vc_column_container\" >\n\t<div class=\"vc_column-inner\">\n\t\t<div class=\"wpb_wrapper\" >\n\t\t\t<div class=\"rt_heading_wrapper no-style\">\n\t\t\t\t\t\t<h1 class=\"rt_heading  no-style\"  style=\"font-size:24px;margin-top:24px;margin-bottom:0px;\">Cechy - <span class=\"after_h1 white\">Rezydencja Higueron Beach<\/span><\/h1> \n\t\t\t\t\t<\/div><div class=\"vc_empty_space\"   style=\"height: 32px\"><span class=\"vc_empty_space_inner\"><\/span><\/div><div class=\"vc_separator wpb_content_element vc_separator_align_center vc_sep_width_100 vc_sep_style-4 vc_sep_pos_align_center vc_separator_no_text vc_sep_color_grey\" ><span class=\"vc_sep_holder vc_sep_holder_l\"><span class=\"vc_sep_line\"><\/span><\/span><span class=\"vc_sep_holder vc_sep_holder_r\"><span class=\"vc_sep_line\"><\/span><\/span>\n<\/div>\n\t<div class=\"wpb_text_column wpb_content_element\" >\n\t\t<div class=\"wpb_wrapper\">\n\t\t\t\t \n\t\t<div  class=\"bullet-list style-1  check\">\n\t\t<ul>\n<li>60 nowych dom\u00f3w<\/li>\n<li>3 i 3 sypialnie<\/li>\n<li>przestronne tarasy z solariami<\/li>\n<li><span style=\"font-weight: 400;\">klimatyzacja (ciep\u0142o i zimno), ogrzewanie pod\u0142ogowe, rolety z nap\u0119dem<\/span><\/li>\n<li><span style=\"font-weight: 400;\">dwa miejsca parkingowe i kom\u00f3rka lokatorska<\/span><\/li>\n<li>ceny od 519 000 euro.<\/li>\n<\/ul>\n\n\t\t<\/div>\n\t\n\n\t\t<\/div>\n\t<\/div>\n\n\t\t<\/div>\n\t<\/div>\n\t<\/div>\n\n<\/div>\n<\/div>\n\n<div  class=\"content_row row quote-row vc_row wpb_row  default-style fullwidth\" style=\"background-color: #fcfcfc;\">\n\t\n\t<div class=\"content_row_wrapper  fullwidth\" >\n\t<div id=\"asdasd\" class=\"vc_col-sm-12 wpb_column vc_column_container vc_custom_1644925648982\" >\n\t<div class=\"vc_column-inner\">\n\t\t<div class=\"wpb_wrapper\" >\n\t\t\t<div class=\"rt_heading_wrapper style-3\">\n\t\t\t\t\t\t<h4 class=\"rt_heading serif quote-max-width style-3\" >Pakiet informacyjny Rezydencja Higueron Beach <a href=\"https:\/\/new.minisites.casadelmar.nl\/meer-informatie\/\"> Popro\u015b o broszur\u0119 i cennik <\/a><\/h4> \n\t\t\t\t\t<\/div>\n\t\t<\/div>\n\t<\/div>\n\t<\/div>\n\n<\/div>\n<\/div>\n\n<div  class=\"content_row row vc_row wpb_row  default-style fullwidth\" >\n\t\n\t<div class=\"content_row_wrapper  default\" >\n\t<div id=\"asdasd\" class=\"vc_col-sm-12 wpb_column vc_column_container\" >\n\t<div class=\"vc_column-inner\">\n\t\t<div class=\"wpb_wrapper\" >\n\t\t\t<div class=\"button_wrapper aligncenter\"><a  href=\"\/pl\/wiecej-informacji\/\" target=\"_self\" title=\"&gt; wi\u0119cej informacji\" class=\"button_  style-2 small\">&gt; wi\u0119cej informacji<\/a><\/div>\n\t\t<\/div>\n\t<\/div>\n\t<\/div>\n\n<\/div>\n<\/div>\n<\/section>","protected":false},"excerpt":{"rendered":"<p>\u2026 <a class=\"more-link\" href=\"https:\/\/higueron-beach.com\/pl\/kompleks\/\">Kontynuuj czytanie<\/a><\/p>","protected":false},"author":1,"featured_media":4244,"parent":0,"menu_order":3,"comment_status":"closed","ping_status":"closed","template":"","meta":{"footnotes":""},"class_list":["post-95","page","type-page","status-publish","has-post-thumbnail","hentry"],"yoast_head":"<!-- This site is optimized with the Yoast SEO plugin v26.0 - https:\/\/yoast.com\/wordpress\/plugins\/seo\/ -->\n<title>Higuer\u00f3n South - Higueron Beach<\/title>\n<meta name=\"robots\" content=\"index, follow, max-snippet:-1, max-image-preview:large, max-video-preview:-1\" \/>\n<link rel=\"canonical\" href=\"https:\/\/higueron-beach.com\/pl\/kompleks\/\" \/>\n<meta property=\"og:locale\" content=\"pl_PL\" \/>\n<meta property=\"og:type\" content=\"article\" \/>\n<meta property=\"og:title\" content=\"Higuer\u00f3n South - Higueron Beach\" \/>\n<meta property=\"og:url\" content=\"https:\/\/higueron-beach.com\/pl\/kompleks\/\" \/>\n<meta property=\"og:site_name\" content=\"Higueron Beach\" \/>\n<meta property=\"article:modified_time\" content=\"2025-02-15T13:03:43+00:00\" \/>\n<meta property=\"og:image\" content=\"https:\/\/higueron-beach.com\/wp-content\/uploads\/sites\/17\/2022\/03\/03-Penthouse.jpg\" \/>\n\t<meta property=\"og:image:width\" content=\"1980\" \/>\n\t<meta property=\"og:image:height\" content=\"1080\" \/>\n\t<meta property=\"og:image:type\" content=\"image\/jpeg\" \/>\n<meta name=\"twitter:card\" content=\"summary_large_image\" \/>\n<meta name=\"twitter:label1\" content=\"Szacowany czas czytania\" \/>\n\t<meta name=\"twitter:data1\" content=\"4 minuty\" \/>\n<script type=\"application\/ld+json\" class=\"yoast-schema-graph\">{\"@context\":\"https:\/\/schema.org\",\"@graph\":[{\"@type\":\"WebPage\",\"@id\":\"https:\/\/higueron-beach.com\/het-complex\/\",\"url\":\"https:\/\/higueron-beach.com\/het-complex\/\",\"name\":\"Higuer\u00f3n South - Higueron Beach\",\"isPartOf\":{\"@id\":\"https:\/\/higueron-beach.com\/#website\"},\"primaryImageOfPage\":{\"@id\":\"https:\/\/higueron-beach.com\/het-complex\/#primaryimage\"},\"image\":{\"@id\":\"https:\/\/higueron-beach.com\/het-complex\/#primaryimage\"},\"thumbnailUrl\":\"https:\/\/higueron-beach.com\/wp-content\/uploads\/sites\/17\/2022\/03\/03-Penthouse.jpg\",\"datePublished\":\"2022-01-27T10:58:29+00:00\",\"dateModified\":\"2025-02-15T13:03:43+00:00\",\"breadcrumb\":{\"@id\":\"https:\/\/higueron-beach.com\/het-complex\/#breadcrumb\"},\"inLanguage\":\"pl-PL\",\"potentialAction\":[{\"@type\":\"ReadAction\",\"target\":[\"https:\/\/higueron-beach.com\/het-complex\/\"]}]},{\"@type\":\"ImageObject\",\"inLanguage\":\"pl-PL\",\"@id\":\"https:\/\/higueron-beach.com\/het-complex\/#primaryimage\",\"url\":\"https:\/\/higueron-beach.com\/wp-content\/uploads\/sites\/17\/2022\/03\/03-Penthouse.jpg\",\"contentUrl\":\"https:\/\/higueron-beach.com\/wp-content\/uploads\/sites\/17\/2022\/03\/03-Penthouse.jpg\",\"width\":1980,\"height\":1080},{\"@type\":\"BreadcrumbList\",\"@id\":\"https:\/\/higueron-beach.com\/het-complex\/#breadcrumb\",\"itemListElement\":[{\"@type\":\"ListItem\",\"position\":1,\"name\":\"Home\",\"item\":\"https:\/\/higueron-beach.com\/\"},{\"@type\":\"ListItem\",\"position\":2,\"name\":\"Higuer\u00f3n South\"}]},{\"@type\":\"WebSite\",\"@id\":\"https:\/\/higueron-beach.com\/#website\",\"url\":\"https:\/\/higueron-beach.com\/\",\"name\":\"Higueron Beach\",\"description\":\"\",\"potentialAction\":[{\"@type\":\"SearchAction\",\"target\":{\"@type\":\"EntryPoint\",\"urlTemplate\":\"https:\/\/higueron-beach.com\/?s={search_term_string}\"},\"query-input\":{\"@type\":\"PropertyValueSpecification\",\"valueRequired\":true,\"valueName\":\"search_term_string\"}}],\"inLanguage\":\"pl-PL\"}]}<\/script>\n<!-- \/ Yoast SEO plugin. -->","yoast_head_json":{"title":"Higueron po\u0142udnie - pla\u017ca Higueron","robots":{"index":"index","follow":"follow","max-snippet":"max-snippet:-1","max-image-preview":"max-image-preview:large","max-video-preview":"max-video-preview:-1"},"canonical":"https:\/\/higueron-beach.com\/pl\/kompleks\/","og_locale":"pl_PL","og_type":"article","og_title":"Higuer\u00f3n South - Higueron Beach","og_url":"https:\/\/higueron-beach.com\/pl\/kompleks\/","og_site_name":"Higueron Beach","article_modified_time":"2025-02-15T13:03:43+00:00","og_image":[{"width":1980,"height":1080,"url":"https:\/\/higueron-beach.com\/wp-content\/uploads\/sites\/17\/2022\/03\/03-Penthouse.jpg","type":"image\/jpeg"}],"twitter_card":"summary_large_image","twitter_misc":{"Szacowany czas czytania":"4 minuty"},"schema":{"@context":"https:\/\/schema.org","@graph":[{"@type":"WebPage","@id":"https:\/\/higueron-beach.com\/het-complex\/","url":"https:\/\/higueron-beach.com\/het-complex\/","name":"Higueron po\u0142udnie - pla\u017ca Higueron","isPartOf":{"@id":"https:\/\/higueron-beach.com\/#website"},"primaryImageOfPage":{"@id":"https:\/\/higueron-beach.com\/het-complex\/#primaryimage"},"image":{"@id":"https:\/\/higueron-beach.com\/het-complex\/#primaryimage"},"thumbnailUrl":"https:\/\/higueron-beach.com\/wp-content\/uploads\/sites\/17\/2022\/03\/03-Penthouse.jpg","datePublished":"2022-01-27T10:58:29+00:00","dateModified":"2025-02-15T13:03:43+00:00","breadcrumb":{"@id":"https:\/\/higueron-beach.com\/het-complex\/#breadcrumb"},"inLanguage":"pl-PL","potentialAction":[{"@type":"ReadAction","target":["https:\/\/higueron-beach.com\/het-complex\/"]}]},{"@type":"ImageObject","inLanguage":"pl-PL","@id":"https:\/\/higueron-beach.com\/het-complex\/#primaryimage","url":"https:\/\/higueron-beach.com\/wp-content\/uploads\/sites\/17\/2022\/03\/03-Penthouse.jpg","contentUrl":"https:\/\/higueron-beach.com\/wp-content\/uploads\/sites\/17\/2022\/03\/03-Penthouse.jpg","width":1980,"height":1080},{"@type":"BreadcrumbList","@id":"https:\/\/higueron-beach.com\/het-complex\/#breadcrumb","itemListElement":[{"@type":"ListItem","position":1,"name":"Home","item":"https:\/\/higueron-beach.com\/"},{"@type":"ListItem","position":2,"name":"Higuer\u00f3n South"}]},{"@type":"WebSite","@id":"https:\/\/higueron-beach.com\/#website","url":"https:\/\/higueron-beach.com\/","name":"Pla\u017ca Higueron","description":"","potentialAction":[{"@type":"SearchAction","target":{"@type":"EntryPoint","urlTemplate":"https:\/\/higueron-beach.com\/?s={search_term_string}"},"query-input":{"@type":"PropertyValueSpecification","valueRequired":true,"valueName":"search_term_string"}}],"inLanguage":"pl-PL"}]}},"_links":{"self":[{"href":"https:\/\/higueron-beach.com\/pl\/wp-json\/wp\/v2\/pages\/95","targetHints":{"allow":["GET"]}}],"collection":[{"href":"https:\/\/higueron-beach.com\/pl\/wp-json\/wp\/v2\/pages"}],"about":[{"href":"https:\/\/higueron-beach.com\/pl\/wp-json\/wp\/v2\/types\/page"}],"author":[{"embeddable":true,"href":"https:\/\/higueron-beach.com\/pl\/wp-json\/wp\/v2\/users\/1"}],"replies":[{"embeddable":true,"href":"https:\/\/higueron-beach.com\/pl\/wp-json\/wp\/v2\/comments?post=95"}],"version-history":[{"count":49,"href":"https:\/\/higueron-beach.com\/pl\/wp-json\/wp\/v2\/pages\/95\/revisions"}],"predecessor-version":[{"id":4293,"href":"https:\/\/higueron-beach.com\/pl\/wp-json\/wp\/v2\/pages\/95\/revisions\/4293"}],"wp:featuredmedia":[{"embeddable":true,"href":"https:\/\/higueron-beach.com\/pl\/wp-json\/wp\/v2\/media\/4244"}],"wp:attachment":[{"href":"https:\/\/higueron-beach.com\/pl\/wp-json\/wp\/v2\/media?parent=95"}],"curies":[{"name":"wp","href":"https:\/\/api.w.org\/{rel}","templated":true}]}}